{"id":335,"date":"2022-04-29T12:27:51","date_gmt":"2022-04-29T10:27:51","guid":{"rendered":"https:\/\/jwservice.nl\/?page_id=335"},"modified":"2022-04-29T12:27:51","modified_gmt":"2022-04-29T10:27:51","slug":"schweine","status":"publish","type":"page","link":"https:\/\/jwservice.nl\/de\/schlachttechnik\/schweine\/","title":{"rendered":"Schweine"},"content":{"rendered":"\n<p>Die Schlachtanlagen von J&amp;W Service f\u00fcr Schweine bieten Gesamtl\u00f6sungen, aber auch Teill\u00f6sungen in jeder erdenklichen Weise, dies ist auf das breite Wissen und die Erfahrung der Mitarbeiter von J&amp;W Service zur\u00fcckzuf\u00fchren.<\/p>\n\n\n\n<p>Was Sie erwartet:<\/p>\n\n\n\n<ul class=\"wp-block-list\"><li>Gesamtl\u00f6sungen f\u00fcr 40 &#8211; 1200 Schweine pro Stunde.<\/li><li>Gesamtl\u00f6sungen vom Stall bis zum Versand.<\/li><li>Teill\u00f6sungen in allen erdenklichen Varianten.<\/li><\/ul>\n","protected":false},"excerpt":{"rendered":"<p>Die Schlachtanlagen von J&amp;W Service f\u00fcr Schweine bieten Gesamtl\u00f6sungen, aber auch Teill\u00f6sungen in jeder erdenklichen Weise, dies ist auf das breite Wissen und die Erfahrung der Mitarbeiter von J&amp;W Service zur\u00fcckzuf\u00fchren. Was Sie erwartet: Gesamtl\u00f6sungen f\u00fcr 40 &#8211; 1200 Schweine pro Stunde. Gesamtl\u00f6sungen vom Stall bis zum Versand. Teill\u00f6sungen in allen erdenklichen Varianten.<\/p>\n","protected":false},"author":1,"featured_media":0,"parent":327,"menu_order":0,"comment_status":"closed","ping_status":"closed","template":"","meta":{"_genesis_hide_title":false,"_genesis_hide_breadcrumbs":false,"_genesis_hide_singular_image":false,"_genesis_hide_footer_widgets":false,"_genesis_custom_body_class":"","_genesis_custom_post_class":"","_genesis_layout":"","footnotes":""},"class_list":{"0":"post-335","1":"page","2":"type-page","3":"status-publish","5":"entry"},"yoast_head":"<!-- This site is optimized with the Yoast SEO plugin v27.4 - https:\/\/yoast.com\/product\/yoast-seo-wordpress\/ -->\n<title>Die Schlachttechnik von Schweinen bei J&amp;W Service - J &amp; W Service B.V.<\/title>\n<meta name=\"description\" content=\"Die Schlachtanlagen von J&amp;W Service f\u00fcr Schweine bieten Gesamtl\u00f6sungen sowie Teill\u00f6sungen in jeder erdenklichen Weise.\" \/>\n<meta name=\"robots\" content=\"index, follow, max-snippet:-1, max-image-preview:large, max-video-preview:-1\" \/>\n<link rel=\"canonical\" href=\"https:\/\/jwservice.nl\/de\/schlachttechnik\/schweine\/\" \/>\n<meta property=\"og:locale\" content=\"de_DE\" \/>\n<meta property=\"og:type\" content=\"article\" \/>\n<meta property=\"og:title\" content=\"Die Schlachttechnik von Schweinen bei J&amp;W Service - J &amp; W Service B.V.\" \/>\n<meta property=\"og:description\" content=\"Die Schlachtanlagen von J&amp;W Service f\u00fcr Schweine bieten Gesamtl\u00f6sungen sowie Teill\u00f6sungen in jeder erdenklichen Weise.\" \/>\n<meta property=\"og:url\" content=\"https:\/\/jwservice.nl\/de\/schlachttechnik\/schweine\/\" \/>\n<meta property=\"og:site_name\" content=\"J &amp; W Service B.V.\" \/>\n<meta property=\"article:publisher\" content=\"https:\/\/www.facebook.com\/jwserviceborculo\/\" \/>\n<meta name=\"twitter:card\" content=\"summary_large_image\" \/>\n<meta name=\"twitter:label1\" content=\"Gesch\u00e4tzte Lesezeit\" \/>\n\t<meta name=\"twitter:data1\" content=\"1\u00a0Minute\" \/>\n<script type=\"application\/ld+json\" class=\"yoast-schema-graph\">{\"@context\":\"https:\\\/\\\/schema.org\",\"@graph\":[{\"@type\":\"WebPage\",\"@id\":\"https:\\\/\\\/jwservice.nl\\\/de\\\/schlachttechnik\\\/schweine\\\/\",\"url\":\"https:\\\/\\\/jwservice.nl\\\/de\\\/schlachttechnik\\\/schweine\\\/\",\"name\":\"Die Schlachttechnik von Schweinen bei J&W Service - J &amp; W Service B.V.\",\"isPartOf\":{\"@id\":\"https:\\\/\\\/jwservice.nl\\\/de\\\/#website\"},\"datePublished\":\"2022-04-29T10:27:51+00:00\",\"description\":\"Die Schlachtanlagen von J&W Service f\u00fcr Schweine bieten Gesamtl\u00f6sungen sowie Teill\u00f6sungen in jeder erdenklichen Weise.\",\"breadcrumb\":{\"@id\":\"https:\\\/\\\/jwservice.nl\\\/de\\\/schlachttechnik\\\/schweine\\\/#breadcrumb\"},\"inLanguage\":\"de\",\"potentialAction\":[{\"@type\":\"ReadAction\",\"target\":[\"https:\\\/\\\/jwservice.nl\\\/de\\\/schlachttechnik\\\/schweine\\\/\"]}]},{\"@type\":\"BreadcrumbList\",\"@id\":\"https:\\\/\\\/jwservice.nl\\\/de\\\/schlachttechnik\\\/schweine\\\/#breadcrumb\",\"itemListElement\":[{\"@type\":\"ListItem\",\"position\":1,\"name\":\"Schlachttechnik\",\"item\":\"https:\\\/\\\/jwservice.nl\\\/de\\\/schlachttechnik\\\/\"},{\"@type\":\"ListItem\",\"position\":2,\"name\":\"Schweine\"}]},{\"@type\":\"WebSite\",\"@id\":\"https:\\\/\\\/jwservice.nl\\\/de\\\/#website\",\"url\":\"https:\\\/\\\/jwservice.nl\\\/de\\\/\",\"name\":\"J &amp; W Service B.V.\",\"description\":\"Installaties voor de vleesverwerkende industrie\",\"publisher\":{\"@id\":\"https:\\\/\\\/jwservice.nl\\\/de\\\/#organization\"},\"potentialAction\":[{\"@type\":\"SearchAction\",\"target\":{\"@type\":\"EntryPoint\",\"urlTemplate\":\"https:\\\/\\\/jwservice.nl\\\/de\\\/?s={search_term_string}\"},\"query-input\":{\"@type\":\"PropertyValueSpecification\",\"valueRequired\":true,\"valueName\":\"search_term_string\"}}],\"inLanguage\":\"de\"},{\"@type\":\"Organization\",\"@id\":\"https:\\\/\\\/jwservice.nl\\\/de\\\/#organization\",\"name\":\"J &amp; W Service B.V.\",\"url\":\"https:\\\/\\\/jwservice.nl\\\/de\\\/\",\"logo\":{\"@type\":\"ImageObject\",\"inLanguage\":\"de\",\"@id\":\"https:\\\/\\\/jwservice.nl\\\/de\\\/#\\\/schema\\\/logo\\\/image\\\/\",\"url\":\"https:\\\/\\\/jwservice.nl\\\/wp-content\\\/uploads\\\/2022\\\/04\\\/jwservice.png\",\"contentUrl\":\"https:\\\/\\\/jwservice.nl\\\/wp-content\\\/uploads\\\/2022\\\/04\\\/jwservice.png\",\"width\":415,\"height\":81,\"caption\":\"J &amp; W Service B.V.\"},\"image\":{\"@id\":\"https:\\\/\\\/jwservice.nl\\\/de\\\/#\\\/schema\\\/logo\\\/image\\\/\"},\"sameAs\":[\"https:\\\/\\\/www.facebook.com\\\/jwserviceborculo\\\/\",\"https:\\\/\\\/nl.linkedin.com\\\/in\\\/r-wittebroek-0a147871\"]}]}<\/script>\n<!-- \/ Yoast SEO plugin. -->","yoast_head_json":{"title":"Die Schlachttechnik von Schweinen bei J&W Service - J &amp; W Service B.V.","description":"Die Schlachtanlagen von J&W Service f\u00fcr Schweine bieten Gesamtl\u00f6sungen sowie Teill\u00f6sungen in jeder erdenklichen Weise.","robots":{"index":"index","follow":"follow","max-snippet":"max-snippet:-1","max-image-preview":"max-image-preview:large","max-video-preview":"max-video-preview:-1"},"canonical":"https:\/\/jwservice.nl\/de\/schlachttechnik\/schweine\/","og_locale":"de_DE","og_type":"article","og_title":"Die Schlachttechnik von Schweinen bei J&W Service - J &amp; W Service B.V.","og_description":"Die Schlachtanlagen von J&W Service f\u00fcr Schweine bieten Gesamtl\u00f6sungen sowie Teill\u00f6sungen in jeder erdenklichen Weise.","og_url":"https:\/\/jwservice.nl\/de\/schlachttechnik\/schweine\/","og_site_name":"J &amp; W Service B.V.","article_publisher":"https:\/\/www.facebook.com\/jwserviceborculo\/","twitter_card":"summary_large_image","twitter_misc":{"Gesch\u00e4tzte Lesezeit":"1\u00a0Minute"},"schema":{"@context":"https:\/\/schema.org","@graph":[{"@type":"WebPage","@id":"https:\/\/jwservice.nl\/de\/schlachttechnik\/schweine\/","url":"https:\/\/jwservice.nl\/de\/schlachttechnik\/schweine\/","name":"Die Schlachttechnik von Schweinen bei J&W Service - J &amp; W Service B.V.","isPartOf":{"@id":"https:\/\/jwservice.nl\/de\/#website"},"datePublished":"2022-04-29T10:27:51+00:00","description":"Die Schlachtanlagen von J&W Service f\u00fcr Schweine bieten Gesamtl\u00f6sungen sowie Teill\u00f6sungen in jeder erdenklichen Weise.","breadcrumb":{"@id":"https:\/\/jwservice.nl\/de\/schlachttechnik\/schweine\/#breadcrumb"},"inLanguage":"de","potentialAction":[{"@type":"ReadAction","target":["https:\/\/jwservice.nl\/de\/schlachttechnik\/schweine\/"]}]},{"@type":"BreadcrumbList","@id":"https:\/\/jwservice.nl\/de\/schlachttechnik\/schweine\/#breadcrumb","itemListElement":[{"@type":"ListItem","position":1,"name":"Schlachttechnik","item":"https:\/\/jwservice.nl\/de\/schlachttechnik\/"},{"@type":"ListItem","position":2,"name":"Schweine"}]},{"@type":"WebSite","@id":"https:\/\/jwservice.nl\/de\/#website","url":"https:\/\/jwservice.nl\/de\/","name":"J &amp; W Service B.V.","description":"Installaties voor de vleesverwerkende industrie","publisher":{"@id":"https:\/\/jwservice.nl\/de\/#organization"},"potentialAction":[{"@type":"SearchAction","target":{"@type":"EntryPoint","urlTemplate":"https:\/\/jwservice.nl\/de\/?s={search_term_string}"},"query-input":{"@type":"PropertyValueSpecification","valueRequired":true,"valueName":"search_term_string"}}],"inLanguage":"de"},{"@type":"Organization","@id":"https:\/\/jwservice.nl\/de\/#organization","name":"J &amp; W Service B.V.","url":"https:\/\/jwservice.nl\/de\/","logo":{"@type":"ImageObject","inLanguage":"de","@id":"https:\/\/jwservice.nl\/de\/#\/schema\/logo\/image\/","url":"https:\/\/jwservice.nl\/wp-content\/uploads\/2022\/04\/jwservice.png","contentUrl":"https:\/\/jwservice.nl\/wp-content\/uploads\/2022\/04\/jwservice.png","width":415,"height":81,"caption":"J &amp; W Service B.V."},"image":{"@id":"https:\/\/jwservice.nl\/de\/#\/schema\/logo\/image\/"},"sameAs":["https:\/\/www.facebook.com\/jwserviceborculo\/","https:\/\/nl.linkedin.com\/in\/r-wittebroek-0a147871"]}]}},"_links":{"self":[{"href":"https:\/\/jwservice.nl\/de\/wp-json\/wp\/v2\/pages\/335","targetHints":{"allow":["GET"]}}],"collection":[{"href":"https:\/\/jwservice.nl\/de\/wp-json\/wp\/v2\/pages"}],"about":[{"href":"https:\/\/jwservice.nl\/de\/wp-json\/wp\/v2\/types\/page"}],"author":[{"embeddable":true,"href":"https:\/\/jwservice.nl\/de\/wp-json\/wp\/v2\/users\/1"}],"replies":[{"embeddable":true,"href":"https:\/\/jwservice.nl\/de\/wp-json\/wp\/v2\/comments?post=335"}],"version-history":[{"count":1,"href":"https:\/\/jwservice.nl\/de\/wp-json\/wp\/v2\/pages\/335\/revisions"}],"predecessor-version":[{"id":336,"href":"https:\/\/jwservice.nl\/de\/wp-json\/wp\/v2\/pages\/335\/revisions\/336"}],"up":[{"embeddable":true,"href":"https:\/\/jwservice.nl\/de\/wp-json\/wp\/v2\/pages\/327"}],"wp:attachment":[{"href":"https:\/\/jwservice.nl\/de\/wp-json\/wp\/v2\/media?parent=335"}],"curies":[{"name":"wp","href":"https:\/\/api.w.org\/{rel}","templated":true}]}}