{"id":333,"date":"2022-04-29T12:22:19","date_gmt":"2022-04-29T10:22:19","guid":{"rendered":"https:\/\/jwservice.nl\/?page_id=333"},"modified":"2022-04-29T12:22:19","modified_gmt":"2022-04-29T10:22:19","slug":"schneideraeume","status":"publish","type":"page","link":"https:\/\/jwservice.nl\/de\/schlachttechnik\/schneideraeume\/","title":{"rendered":"Schneider\u00e4ume"},"content":{"rendered":"\n<p>Der Zerlegungsraum ist einer der wichtigsten Teile einer Schlachthofanlage. Im Zerlegungsbetrieb findet die erste Selektion der Teilung der verschiedenen Schlachtk\u00f6rper statt. Wo die Weiterverarbeitung der Schaf-, Schweine- und Rinderkadaver beginnt. Bei J&amp;W Service ist es immer wieder die Herausforderung, den Schneidebereich so ergonomisch wie m\u00f6glich, aber auch so effizient wie m\u00f6glich einzurichten, alles in Absprache mit dem Kunden, damit er so weit wie m\u00f6glich nach den W\u00fcnschen des Kunden angeordnet ist. Mit anderen Worten: J&amp;W Service schaut immer darauf, wie Layout und Zusammenstellung der Zerlegeanlage zum richtigen Preis-Leistungs-Verh\u00e4ltnis beitragen. Die L\u00f6sungen sind sehr vielf\u00e4ltig und h\u00e4ngen von den Produktanforderungen des Kunden ab, aber auch die Umst\u00e4nde spielen eine Rolle. Wir bieten eine breite Palette von Kapazit\u00e4ten an, so dass diese beispielsweise zwischen 20 Rindern und 1200 Schweinen pro Stunde variieren k\u00f6nnen.<\/p>\n","protected":false},"excerpt":{"rendered":"<p>Der Zerlegungsraum ist einer der wichtigsten Teile einer Schlachthofanlage. Im Zerlegungsbetrieb findet die erste Selektion der Teilung der verschiedenen Schlachtk\u00f6rper statt. Wo die Weiterverarbeitung der Schaf-, Schweine- und Rinderkadaver beginnt. Bei J&amp;W Service ist es immer wieder die Herausforderung, den Schneidebereich so ergonomisch wie m\u00f6glich, aber auch so effizient wie m\u00f6glich einzurichten, alles in Absprache [&hellip;]<\/p>\n","protected":false},"author":1,"featured_media":0,"parent":327,"menu_order":0,"comment_status":"closed","ping_status":"closed","template":"","meta":{"_genesis_hide_title":false,"_genesis_hide_breadcrumbs":false,"_genesis_hide_singular_image":false,"_genesis_hide_footer_widgets":false,"_genesis_custom_body_class":"","_genesis_custom_post_class":"","_genesis_layout":"","footnotes":""},"class_list":{"0":"post-333","1":"page","2":"type-page","3":"status-publish","5":"entry"},"yoast_head":"<!-- This site is optimized with the Yoast SEO plugin v27.5 - https:\/\/yoast.com\/product\/yoast-seo-wordpress\/ -->\n<title>Die Schneider\u00e4ume bei J&amp;W Service - J &amp; W Service B.V.<\/title>\n<meta name=\"description\" content=\"J&amp;W Service achtet immer darauf, wie das Layout und die Zusammensetzung der Zerlegeanlage zum richtigen Preis-Leistungs-Verh\u00e4ltnis beitragen.\" \/>\n<meta name=\"robots\" content=\"index, follow, max-snippet:-1, max-image-preview:large, max-video-preview:-1\" \/>\n<link rel=\"canonical\" href=\"https:\/\/jwservice.nl\/de\/schlachttechnik\/schneideraeume\/\" \/>\n<meta property=\"og:locale\" content=\"de_DE\" \/>\n<meta property=\"og:type\" content=\"article\" \/>\n<meta property=\"og:title\" content=\"Die Schneider\u00e4ume bei J&amp;W Service - J &amp; W Service B.V.\" \/>\n<meta property=\"og:description\" content=\"J&amp;W Service achtet immer darauf, wie das Layout und die Zusammensetzung der Zerlegeanlage zum richtigen Preis-Leistungs-Verh\u00e4ltnis beitragen.\" \/>\n<meta property=\"og:url\" content=\"https:\/\/jwservice.nl\/de\/schlachttechnik\/schneideraeume\/\" \/>\n<meta property=\"og:site_name\" content=\"J &amp; W Service B.V.\" \/>\n<meta property=\"article:publisher\" content=\"https:\/\/www.facebook.com\/jwserviceborculo\/\" \/>\n<meta name=\"twitter:card\" content=\"summary_large_image\" \/>\n<meta name=\"twitter:label1\" content=\"Gesch\u00e4tzte Lesezeit\" \/>\n\t<meta name=\"twitter:data1\" content=\"1\u00a0Minute\" \/>\n<script type=\"application\/ld+json\" class=\"yoast-schema-graph\">{\"@context\":\"https:\\\/\\\/schema.org\",\"@graph\":[{\"@type\":\"WebPage\",\"@id\":\"https:\\\/\\\/jwservice.nl\\\/de\\\/schlachttechnik\\\/schneideraeume\\\/\",\"url\":\"https:\\\/\\\/jwservice.nl\\\/de\\\/schlachttechnik\\\/schneideraeume\\\/\",\"name\":\"Die Schneider\u00e4ume bei J&W Service - J &amp; W Service B.V.\",\"isPartOf\":{\"@id\":\"https:\\\/\\\/jwservice.nl\\\/de\\\/#website\"},\"datePublished\":\"2022-04-29T10:22:19+00:00\",\"description\":\"J&W Service achtet immer darauf, wie das Layout und die Zusammensetzung der Zerlegeanlage zum richtigen Preis-Leistungs-Verh\u00e4ltnis beitragen.\",\"breadcrumb\":{\"@id\":\"https:\\\/\\\/jwservice.nl\\\/de\\\/schlachttechnik\\\/schneideraeume\\\/#breadcrumb\"},\"inLanguage\":\"de\",\"potentialAction\":[{\"@type\":\"ReadAction\",\"target\":[\"https:\\\/\\\/jwservice.nl\\\/de\\\/schlachttechnik\\\/schneideraeume\\\/\"]}]},{\"@type\":\"BreadcrumbList\",\"@id\":\"https:\\\/\\\/jwservice.nl\\\/de\\\/schlachttechnik\\\/schneideraeume\\\/#breadcrumb\",\"itemListElement\":[{\"@type\":\"ListItem\",\"position\":1,\"name\":\"Schlachttechnik\",\"item\":\"https:\\\/\\\/jwservice.nl\\\/de\\\/schlachttechnik\\\/\"},{\"@type\":\"ListItem\",\"position\":2,\"name\":\"Schneider\u00e4ume\"}]},{\"@type\":\"WebSite\",\"@id\":\"https:\\\/\\\/jwservice.nl\\\/de\\\/#website\",\"url\":\"https:\\\/\\\/jwservice.nl\\\/de\\\/\",\"name\":\"J &amp; W Service B.V.\",\"description\":\"Installaties voor de vleesverwerkende industrie\",\"publisher\":{\"@id\":\"https:\\\/\\\/jwservice.nl\\\/de\\\/#organization\"},\"potentialAction\":[{\"@type\":\"SearchAction\",\"target\":{\"@type\":\"EntryPoint\",\"urlTemplate\":\"https:\\\/\\\/jwservice.nl\\\/de\\\/?s={search_term_string}\"},\"query-input\":{\"@type\":\"PropertyValueSpecification\",\"valueRequired\":true,\"valueName\":\"search_term_string\"}}],\"inLanguage\":\"de\"},{\"@type\":\"Organization\",\"@id\":\"https:\\\/\\\/jwservice.nl\\\/de\\\/#organization\",\"name\":\"J &amp; W Service B.V.\",\"url\":\"https:\\\/\\\/jwservice.nl\\\/de\\\/\",\"logo\":{\"@type\":\"ImageObject\",\"inLanguage\":\"de\",\"@id\":\"https:\\\/\\\/jwservice.nl\\\/de\\\/#\\\/schema\\\/logo\\\/image\\\/\",\"url\":\"https:\\\/\\\/jwservice.nl\\\/wp-content\\\/uploads\\\/2022\\\/04\\\/jwservice.png\",\"contentUrl\":\"https:\\\/\\\/jwservice.nl\\\/wp-content\\\/uploads\\\/2022\\\/04\\\/jwservice.png\",\"width\":415,\"height\":81,\"caption\":\"J &amp; W Service B.V.\"},\"image\":{\"@id\":\"https:\\\/\\\/jwservice.nl\\\/de\\\/#\\\/schema\\\/logo\\\/image\\\/\"},\"sameAs\":[\"https:\\\/\\\/www.facebook.com\\\/jwserviceborculo\\\/\",\"https:\\\/\\\/nl.linkedin.com\\\/in\\\/r-wittebroek-0a147871\"]}]}<\/script>\n<!-- \/ Yoast SEO plugin. -->","yoast_head_json":{"title":"Die Schneider\u00e4ume bei J&W Service - J &amp; W Service B.V.","description":"J&W Service achtet immer darauf, wie das Layout und die Zusammensetzung der Zerlegeanlage zum richtigen Preis-Leistungs-Verh\u00e4ltnis beitragen.","robots":{"index":"index","follow":"follow","max-snippet":"max-snippet:-1","max-image-preview":"max-image-preview:large","max-video-preview":"max-video-preview:-1"},"canonical":"https:\/\/jwservice.nl\/de\/schlachttechnik\/schneideraeume\/","og_locale":"de_DE","og_type":"article","og_title":"Die Schneider\u00e4ume bei J&W Service - J &amp; W Service B.V.","og_description":"J&W Service achtet immer darauf, wie das Layout und die Zusammensetzung der Zerlegeanlage zum richtigen Preis-Leistungs-Verh\u00e4ltnis beitragen.","og_url":"https:\/\/jwservice.nl\/de\/schlachttechnik\/schneideraeume\/","og_site_name":"J &amp; W Service B.V.","article_publisher":"https:\/\/www.facebook.com\/jwserviceborculo\/","twitter_card":"summary_large_image","twitter_misc":{"Gesch\u00e4tzte Lesezeit":"1\u00a0Minute"},"schema":{"@context":"https:\/\/schema.org","@graph":[{"@type":"WebPage","@id":"https:\/\/jwservice.nl\/de\/schlachttechnik\/schneideraeume\/","url":"https:\/\/jwservice.nl\/de\/schlachttechnik\/schneideraeume\/","name":"Die Schneider\u00e4ume bei J&W Service - J &amp; W Service B.V.","isPartOf":{"@id":"https:\/\/jwservice.nl\/de\/#website"},"datePublished":"2022-04-29T10:22:19+00:00","description":"J&W Service achtet immer darauf, wie das Layout und die Zusammensetzung der Zerlegeanlage zum richtigen Preis-Leistungs-Verh\u00e4ltnis beitragen.","breadcrumb":{"@id":"https:\/\/jwservice.nl\/de\/schlachttechnik\/schneideraeume\/#breadcrumb"},"inLanguage":"de","potentialAction":[{"@type":"ReadAction","target":["https:\/\/jwservice.nl\/de\/schlachttechnik\/schneideraeume\/"]}]},{"@type":"BreadcrumbList","@id":"https:\/\/jwservice.nl\/de\/schlachttechnik\/schneideraeume\/#breadcrumb","itemListElement":[{"@type":"ListItem","position":1,"name":"Schlachttechnik","item":"https:\/\/jwservice.nl\/de\/schlachttechnik\/"},{"@type":"ListItem","position":2,"name":"Schneider\u00e4ume"}]},{"@type":"WebSite","@id":"https:\/\/jwservice.nl\/de\/#website","url":"https:\/\/jwservice.nl\/de\/","name":"J &amp; W Service B.V.","description":"Installaties voor de vleesverwerkende industrie","publisher":{"@id":"https:\/\/jwservice.nl\/de\/#organization"},"potentialAction":[{"@type":"SearchAction","target":{"@type":"EntryPoint","urlTemplate":"https:\/\/jwservice.nl\/de\/?s={search_term_string}"},"query-input":{"@type":"PropertyValueSpecification","valueRequired":true,"valueName":"search_term_string"}}],"inLanguage":"de"},{"@type":"Organization","@id":"https:\/\/jwservice.nl\/de\/#organization","name":"J &amp; W Service B.V.","url":"https:\/\/jwservice.nl\/de\/","logo":{"@type":"ImageObject","inLanguage":"de","@id":"https:\/\/jwservice.nl\/de\/#\/schema\/logo\/image\/","url":"https:\/\/jwservice.nl\/wp-content\/uploads\/2022\/04\/jwservice.png","contentUrl":"https:\/\/jwservice.nl\/wp-content\/uploads\/2022\/04\/jwservice.png","width":415,"height":81,"caption":"J &amp; W Service B.V."},"image":{"@id":"https:\/\/jwservice.nl\/de\/#\/schema\/logo\/image\/"},"sameAs":["https:\/\/www.facebook.com\/jwserviceborculo\/","https:\/\/nl.linkedin.com\/in\/r-wittebroek-0a147871"]}]}},"_links":{"self":[{"href":"https:\/\/jwservice.nl\/de\/wp-json\/wp\/v2\/pages\/333","targetHints":{"allow":["GET"]}}],"collection":[{"href":"https:\/\/jwservice.nl\/de\/wp-json\/wp\/v2\/pages"}],"about":[{"href":"https:\/\/jwservice.nl\/de\/wp-json\/wp\/v2\/types\/page"}],"author":[{"embeddable":true,"href":"https:\/\/jwservice.nl\/de\/wp-json\/wp\/v2\/users\/1"}],"replies":[{"embeddable":true,"href":"https:\/\/jwservice.nl\/de\/wp-json\/wp\/v2\/comments?post=333"}],"version-history":[{"count":1,"href":"https:\/\/jwservice.nl\/de\/wp-json\/wp\/v2\/pages\/333\/revisions"}],"predecessor-version":[{"id":334,"href":"https:\/\/jwservice.nl\/de\/wp-json\/wp\/v2\/pages\/333\/revisions\/334"}],"up":[{"embeddable":true,"href":"https:\/\/jwservice.nl\/de\/wp-json\/wp\/v2\/pages\/327"}],"wp:attachment":[{"href":"https:\/\/jwservice.nl\/de\/wp-json\/wp\/v2\/media?parent=333"}],"curies":[{"name":"wp","href":"https:\/\/api.w.org\/{rel}","templated":true}]}}