{"id":331,"date":"2022-04-29T12:20:33","date_gmt":"2022-04-29T10:20:33","guid":{"rendered":"https:\/\/jwservice.nl\/?page_id=331"},"modified":"2022-04-29T12:20:34","modified_gmt":"2022-04-29T10:20:34","slug":"schaf","status":"publish","type":"page","link":"https:\/\/jwservice.nl\/de\/schlachttechnik\/schaf\/","title":{"rendered":"Schaf"},"content":{"rendered":"\n<h2 class=\"wp-block-heading\">Schlachtanlagen f\u00fcr Schafe<\/h2>\n\n\n\n<p>Die Schlachtanlagen f\u00fcr Schafe bieten Gesamtl\u00f6sungen. Ein gutes Beispiel hierf\u00fcr ist eine mobile Schlachtanlage f\u00fcr zB ein Opferfest.<\/p>\n\n\n\n<p>Was Sie erwartet:<\/p>\n\n\n\n<ul class=\"wp-block-list\"><li>Gesamtl\u00f6sungen f\u00fcr 10 &#8211; 600 Schafe pro Stunde.<\/li><li>Gesamtl\u00f6sungen vom Stall bis zum Versand.<\/li><li>Verschiedene L\u00f6sungen f\u00fcr die rituelle Verarbeitung.<\/li>< li> Mobile Schlachtanlagen, zB zum Opferfest.<\/li><\/ul>\n","protected":false},"excerpt":{"rendered":"<p>Schlachtanlagen f\u00fcr Schafe Die Schlachtanlagen f\u00fcr Schafe bieten Gesamtl\u00f6sungen. Ein gutes Beispiel hierf\u00fcr ist eine mobile Schlachtanlage f\u00fcr zB ein Opferfest. Was Sie erwartet: Gesamtl\u00f6sungen f\u00fcr 10 &#8211; 600 Schafe pro Stunde. Gesamtl\u00f6sungen vom Stall bis zum Versand. Verschiedene L\u00f6sungen f\u00fcr die rituelle Verarbeitung. < li> Mobile Schlachtanlagen, zB zum Opferfest.<\/p>\n","protected":false},"author":1,"featured_media":0,"parent":327,"menu_order":0,"comment_status":"closed","ping_status":"closed","template":"","meta":{"_genesis_hide_title":false,"_genesis_hide_breadcrumbs":false,"_genesis_hide_singular_image":false,"_genesis_hide_footer_widgets":false,"_genesis_custom_body_class":"","_genesis_custom_post_class":"","_genesis_layout":"","footnotes":""},"class_list":{"0":"post-331","1":"page","2":"type-page","3":"status-publish","5":"entry"},"yoast_head":"<!-- This site is optimized with the Yoast SEO plugin v27.3 - https:\/\/yoast.com\/product\/yoast-seo-wordpress\/ -->\n<title>Die Schlachttechnik von Schafen bei J&amp;W Service - J &amp; W Service B.V.<\/title>\n<meta name=\"description\" content=\"Die Schlachtanlagen f\u00fcr Schafe bieten Gesamtl\u00f6sungen. Lesen Sie auf dieser Seite, was Sie bei J&amp;W Service erwartet.\" \/>\n<meta name=\"robots\" content=\"index, follow, max-snippet:-1, max-image-preview:large, max-video-preview:-1\" \/>\n<link rel=\"canonical\" href=\"https:\/\/jwservice.nl\/de\/schlachttechnik\/schaf\/\" \/>\n<meta property=\"og:locale\" content=\"de_DE\" \/>\n<meta property=\"og:type\" content=\"article\" \/>\n<meta property=\"og:title\" content=\"Die Schlachttechnik von Schafen bei J&amp;W Service - J &amp; W Service B.V.\" \/>\n<meta property=\"og:description\" content=\"Die Schlachtanlagen f\u00fcr Schafe bieten Gesamtl\u00f6sungen. Lesen Sie auf dieser Seite, was Sie bei J&amp;W Service erwartet.\" \/>\n<meta property=\"og:url\" content=\"https:\/\/jwservice.nl\/de\/schlachttechnik\/schaf\/\" \/>\n<meta property=\"og:site_name\" content=\"J &amp; W Service B.V.\" \/>\n<meta property=\"article:publisher\" content=\"https:\/\/www.facebook.com\/jwserviceborculo\/\" \/>\n<meta property=\"article:modified_time\" content=\"2022-04-29T10:20:34+00:00\" \/>\n<meta name=\"twitter:card\" content=\"summary_large_image\" \/>\n<meta name=\"twitter:label1\" content=\"Gesch\u00e4tzte Lesezeit\" \/>\n\t<meta name=\"twitter:data1\" content=\"1\u00a0Minute\" \/>\n<script type=\"application\/ld+json\" class=\"yoast-schema-graph\">{\"@context\":\"https:\\\/\\\/schema.org\",\"@graph\":[{\"@type\":\"WebPage\",\"@id\":\"https:\\\/\\\/jwservice.nl\\\/de\\\/schlachttechnik\\\/schaf\\\/\",\"url\":\"https:\\\/\\\/jwservice.nl\\\/de\\\/schlachttechnik\\\/schaf\\\/\",\"name\":\"Die Schlachttechnik von Schafen bei J&W Service - J &amp; W Service B.V.\",\"isPartOf\":{\"@id\":\"https:\\\/\\\/jwservice.nl\\\/de\\\/#website\"},\"datePublished\":\"2022-04-29T10:20:33+00:00\",\"dateModified\":\"2022-04-29T10:20:34+00:00\",\"description\":\"Die Schlachtanlagen f\u00fcr Schafe bieten Gesamtl\u00f6sungen. Lesen Sie auf dieser Seite, was Sie bei J&W Service erwartet.\",\"breadcrumb\":{\"@id\":\"https:\\\/\\\/jwservice.nl\\\/de\\\/schlachttechnik\\\/schaf\\\/#breadcrumb\"},\"inLanguage\":\"de\",\"potentialAction\":[{\"@type\":\"ReadAction\",\"target\":[\"https:\\\/\\\/jwservice.nl\\\/de\\\/schlachttechnik\\\/schaf\\\/\"]}]},{\"@type\":\"BreadcrumbList\",\"@id\":\"https:\\\/\\\/jwservice.nl\\\/de\\\/schlachttechnik\\\/schaf\\\/#breadcrumb\",\"itemListElement\":[{\"@type\":\"ListItem\",\"position\":1,\"name\":\"Schlachttechnik\",\"item\":\"https:\\\/\\\/jwservice.nl\\\/de\\\/schlachttechnik\\\/\"},{\"@type\":\"ListItem\",\"position\":2,\"name\":\"Schaf\"}]},{\"@type\":\"WebSite\",\"@id\":\"https:\\\/\\\/jwservice.nl\\\/de\\\/#website\",\"url\":\"https:\\\/\\\/jwservice.nl\\\/de\\\/\",\"name\":\"J &amp; W Service B.V.\",\"description\":\"Installaties voor de vleesverwerkende industrie\",\"publisher\":{\"@id\":\"https:\\\/\\\/jwservice.nl\\\/de\\\/#organization\"},\"potentialAction\":[{\"@type\":\"SearchAction\",\"target\":{\"@type\":\"EntryPoint\",\"urlTemplate\":\"https:\\\/\\\/jwservice.nl\\\/de\\\/?s={search_term_string}\"},\"query-input\":{\"@type\":\"PropertyValueSpecification\",\"valueRequired\":true,\"valueName\":\"search_term_string\"}}],\"inLanguage\":\"de\"},{\"@type\":\"Organization\",\"@id\":\"https:\\\/\\\/jwservice.nl\\\/de\\\/#organization\",\"name\":\"J &amp; W Service B.V.\",\"url\":\"https:\\\/\\\/jwservice.nl\\\/de\\\/\",\"logo\":{\"@type\":\"ImageObject\",\"inLanguage\":\"de\",\"@id\":\"https:\\\/\\\/jwservice.nl\\\/de\\\/#\\\/schema\\\/logo\\\/image\\\/\",\"url\":\"https:\\\/\\\/jwservice.nl\\\/wp-content\\\/uploads\\\/2022\\\/04\\\/jwservice.png\",\"contentUrl\":\"https:\\\/\\\/jwservice.nl\\\/wp-content\\\/uploads\\\/2022\\\/04\\\/jwservice.png\",\"width\":415,\"height\":81,\"caption\":\"J &amp; W Service B.V.\"},\"image\":{\"@id\":\"https:\\\/\\\/jwservice.nl\\\/de\\\/#\\\/schema\\\/logo\\\/image\\\/\"},\"sameAs\":[\"https:\\\/\\\/www.facebook.com\\\/jwserviceborculo\\\/\",\"https:\\\/\\\/nl.linkedin.com\\\/in\\\/r-wittebroek-0a147871\"]}]}<\/script>\n<!-- \/ Yoast SEO plugin. -->","yoast_head_json":{"title":"Die Schlachttechnik von Schafen bei J&W Service - J &amp; W Service B.V.","description":"Die Schlachtanlagen f\u00fcr Schafe bieten Gesamtl\u00f6sungen. Lesen Sie auf dieser Seite, was Sie bei J&W Service erwartet.","robots":{"index":"index","follow":"follow","max-snippet":"max-snippet:-1","max-image-preview":"max-image-preview:large","max-video-preview":"max-video-preview:-1"},"canonical":"https:\/\/jwservice.nl\/de\/schlachttechnik\/schaf\/","og_locale":"de_DE","og_type":"article","og_title":"Die Schlachttechnik von Schafen bei J&W Service - J &amp; W Service B.V.","og_description":"Die Schlachtanlagen f\u00fcr Schafe bieten Gesamtl\u00f6sungen. Lesen Sie auf dieser Seite, was Sie bei J&W Service erwartet.","og_url":"https:\/\/jwservice.nl\/de\/schlachttechnik\/schaf\/","og_site_name":"J &amp; W Service B.V.","article_publisher":"https:\/\/www.facebook.com\/jwserviceborculo\/","article_modified_time":"2022-04-29T10:20:34+00:00","twitter_card":"summary_large_image","twitter_misc":{"Gesch\u00e4tzte Lesezeit":"1\u00a0Minute"},"schema":{"@context":"https:\/\/schema.org","@graph":[{"@type":"WebPage","@id":"https:\/\/jwservice.nl\/de\/schlachttechnik\/schaf\/","url":"https:\/\/jwservice.nl\/de\/schlachttechnik\/schaf\/","name":"Die Schlachttechnik von Schafen bei J&W Service - J &amp; W Service B.V.","isPartOf":{"@id":"https:\/\/jwservice.nl\/de\/#website"},"datePublished":"2022-04-29T10:20:33+00:00","dateModified":"2022-04-29T10:20:34+00:00","description":"Die Schlachtanlagen f\u00fcr Schafe bieten Gesamtl\u00f6sungen. Lesen Sie auf dieser Seite, was Sie bei J&W Service erwartet.","breadcrumb":{"@id":"https:\/\/jwservice.nl\/de\/schlachttechnik\/schaf\/#breadcrumb"},"inLanguage":"de","potentialAction":[{"@type":"ReadAction","target":["https:\/\/jwservice.nl\/de\/schlachttechnik\/schaf\/"]}]},{"@type":"BreadcrumbList","@id":"https:\/\/jwservice.nl\/de\/schlachttechnik\/schaf\/#breadcrumb","itemListElement":[{"@type":"ListItem","position":1,"name":"Schlachttechnik","item":"https:\/\/jwservice.nl\/de\/schlachttechnik\/"},{"@type":"ListItem","position":2,"name":"Schaf"}]},{"@type":"WebSite","@id":"https:\/\/jwservice.nl\/de\/#website","url":"https:\/\/jwservice.nl\/de\/","name":"J &amp; W Service B.V.","description":"Installaties voor de vleesverwerkende industrie","publisher":{"@id":"https:\/\/jwservice.nl\/de\/#organization"},"potentialAction":[{"@type":"SearchAction","target":{"@type":"EntryPoint","urlTemplate":"https:\/\/jwservice.nl\/de\/?s={search_term_string}"},"query-input":{"@type":"PropertyValueSpecification","valueRequired":true,"valueName":"search_term_string"}}],"inLanguage":"de"},{"@type":"Organization","@id":"https:\/\/jwservice.nl\/de\/#organization","name":"J &amp; W Service B.V.","url":"https:\/\/jwservice.nl\/de\/","logo":{"@type":"ImageObject","inLanguage":"de","@id":"https:\/\/jwservice.nl\/de\/#\/schema\/logo\/image\/","url":"https:\/\/jwservice.nl\/wp-content\/uploads\/2022\/04\/jwservice.png","contentUrl":"https:\/\/jwservice.nl\/wp-content\/uploads\/2022\/04\/jwservice.png","width":415,"height":81,"caption":"J &amp; W Service B.V."},"image":{"@id":"https:\/\/jwservice.nl\/de\/#\/schema\/logo\/image\/"},"sameAs":["https:\/\/www.facebook.com\/jwserviceborculo\/","https:\/\/nl.linkedin.com\/in\/r-wittebroek-0a147871"]}]}},"_links":{"self":[{"href":"https:\/\/jwservice.nl\/de\/wp-json\/wp\/v2\/pages\/331","targetHints":{"allow":["GET"]}}],"collection":[{"href":"https:\/\/jwservice.nl\/de\/wp-json\/wp\/v2\/pages"}],"about":[{"href":"https:\/\/jwservice.nl\/de\/wp-json\/wp\/v2\/types\/page"}],"author":[{"embeddable":true,"href":"https:\/\/jwservice.nl\/de\/wp-json\/wp\/v2\/users\/1"}],"replies":[{"embeddable":true,"href":"https:\/\/jwservice.nl\/de\/wp-json\/wp\/v2\/comments?post=331"}],"version-history":[{"count":1,"href":"https:\/\/jwservice.nl\/de\/wp-json\/wp\/v2\/pages\/331\/revisions"}],"predecessor-version":[{"id":332,"href":"https:\/\/jwservice.nl\/de\/wp-json\/wp\/v2\/pages\/331\/revisions\/332"}],"up":[{"embeddable":true,"href":"https:\/\/jwservice.nl\/de\/wp-json\/wp\/v2\/pages\/327"}],"wp:attachment":[{"href":"https:\/\/jwservice.nl\/de\/wp-json\/wp\/v2\/media?parent=331"}],"curies":[{"name":"wp","href":"https:\/\/api.w.org\/{rel}","templated":true}]}}