{"id":325,"date":"2022-04-29T12:15:52","date_gmt":"2022-04-29T10:15:52","guid":{"rendered":"https:\/\/jwservice.nl\/?page_id=325"},"modified":"2022-04-29T12:15:53","modified_gmt":"2022-04-29T10:15:53","slug":"datenschutzbedingungen","status":"publish","type":"page","link":"https:\/\/jwservice.nl\/de\/datenschutzbedingungen\/","title":{"rendered":"Datenschutzbedingungen"},"content":{"rendered":"\n<h2 class=\"has-text-color wp-block-heading\" style=\"color:#41ad71\">INDUSTRIAL SOLUTIONS BENELUX<\/h2>\n\n\n\n<p><strong>Allgemeine Datenschutzverordnung<\/strong><\/p>\n\n\n\n<p>Nachstehend lesen Sie die offizielle Datenschutzerkl\u00e4rung von J&amp;W Service B.V., im folgenden J&amp;W genannt. Diese Datenschutzverordnung wurde im Einklang mit den gesetzlichen Bestimmungen wie etwa dem Datenschutzgesetz und gleichzeitig mit G\u00fcltigkeit ab dem 25. Mai 2018 der Datenschutzgrundverordnung (DSGVO) erstellt. J&amp;W legt viel Wert auf Ihre Privatsph\u00e4re. Mit dieser Datenschutzerkl\u00e4rung zeigen wir, dass wir sehr zuverl\u00e4ssig und sorgf\u00e4ltig mit den Daten unserer Netzwerkpartner umgehen. Personenbezogene Daten werden nur gem\u00e4\u00df den genannten gesetzlichen Bestimmungen verarbeitet.<\/p>\n\n\n\n<p><strong>Worauf findet diese Datenschutzerkl\u00e4rung Anwendung?<\/strong><\/p>\n\n\n\n<p>In dieser Datenschutzerkl\u00e4rung informieren wir Sie \u00fcber die Verarbeitung von Personen- und Unternehmensdaten durch oder im Namen von J&amp;W. Sie bezieht sich ausschlie\u00dflich auf die Verwendung von Personen- und Unternehmensdaten unserer Kunden und Zulieferer.<\/p>\n\n\n\n<p><strong>Wie sammeln wir Ihre pers\u00f6nlichen Daten?<\/strong><\/p>\n\n\n\n<p>J&amp;W kann auf folgende Arten Informationen von Ihnen bekommen: Direkt von Ihnen selbst: Zum Beispiel, indem Sie einen Vertrag mit uns eingehen, wenn Sie uns per E-Mail, telefonisch oder schriftlich kontaktieren. \u00dcber eigene Erstakquise: J&amp;W ist ein kommerzielles Unternehmen, das innerhalb der Zielgruppen der verschiedenen Branchenorganisationen (zum Beispiel die Koninklijke Metaalunie) bei vielen verschiedenen Interessenten akquiriert. Wir verwalten diese teilweise auch extern bezogenen Daten ausschlie\u00dflich f\u00fcr eigene Akquisezwecke.<\/p>\n\n\n\n<p><strong>Welche personenbezogenen Daten sammeln wir?<\/strong><\/p>\n\n\n\n<p>J&amp;W verarbeitet Personen- und Unternehmensdaten, wenn Sie die Dienste und Produkte von J&amp;W nutzen. J&amp;W verarbeitet \u2013 je nachdem, welche Kontaktm\u00f6glichkeit Sie verwendet haben \u2013 folgende Personen- und Unternehmensdaten:<\/p>\n\n\n\n<ul class=\"wp-block-list\"><li>Kontakt- und Kontodaten \u2013 wie etwa Vor- und Nachname, Adressdaten einschlie\u00dflich PLZ, Festnetz- und\/oder Mobiltelefonnummer, E-Mail-Adresse(n), die Sie angegeben haben.<\/li><li>Funktionsbezeichnungen von Personen innerhalb von Unternehmen zwecks korrekter Adressierung sowie Ansprache im Zusammenhang mit unseren Akquisezielen.<\/li><li>Zahlungs- und Rechnungsdaten \u2013 im Fall, dass Sie mit uns einen Vertrag eingegangen sind \u2013 wie etwa Ihre Kontodaten, Ihre Handelskammernummer und Ihre Steuernummern f\u00fcr die finanzielle Abwicklung.<\/li><\/ul>\n\n\n\n<p><strong>Warum speichern wir Ihre pers\u00f6nlichen Daten?<\/strong><\/p>\n\n\n\n<ul class=\"wp-block-list\"><li>J&amp;W nutzt die erhaltenen Personen- und Unternehmensdaten in erster Linie, um die geschlossenen Vertr\u00e4ge so gut wie m\u00f6glich ausf\u00fchren zu k\u00f6nnen. Die erhaltenen Personen- und Unternehmensdaten werden gleichzeitig von der internen Verwaltung von J&amp;W genutzt.<\/li><li>Dies umfasst zum Beispiel:<\/li><li>Das Unterhalten und Verbessern der vertraglichen Beziehung zu (potentiellen) Kunden, den Netzwerkpartnern und Zulieferern, mit denen zusammengearbeitet wird, oder f\u00fcr die Verbesserung der Dienstleistungen und Produkte von J&amp;W.<\/li><li>Das Informieren \u00fcber die Aktivit\u00e4ten von J&amp;W mithilfe von informativen digitalen Newslettern.<\/li><li>Die Abhandlung von Beschwerden und Komplimenten.<\/li><li>Das Erstellen von Angeboten im Interesse unserer Akquiseziele.<\/li><li>Die Anwendung und Durchf\u00fchrung aller gesetzlichen Verpflichtungen, die sich aus dem Datenschutzgesetz und der Datenschutzgrundverordnung ergeben.<\/li><\/ul>\n\n\n\n<p><strong>Mit wem teilen wir Ihre Personen- und Unternehmensdaten?<\/strong><\/p>\n\n\n\n<p>J&amp;W kann Ihre Personen- und Unternehmensdaten im Hinblick auf die Akquiseziele des Unternehmens den eigenen Mitarbeitern zug\u00e4nglich machen. J&amp;W kann dazu verpflichtet werden, Ihre Personen- und Unternehmensdaten aufgrund gesetzlicher Verpflichtungen und\/oder aufgrund zwingender Ersuchen durch die Beh\u00f6rden weiterzugeben. In letzterem Fall hat ISB die notwendigen organisatorischen und vertraglichen Ma\u00dfnahmen ergriffen, um zu gew\u00e4hrleisten, dass die personenbezogenen Daten gem\u00e4\u00df europ\u00e4ischem und niederl\u00e4ndischem Recht verarbeitet und gesch\u00fctzt werden.<\/p>\n\n\n\n<p><strong>Wie lange speichern wir Ihre Daten?<\/strong><\/p>\n\n\n\n<p>Ihre Personendaten werden so lange gespeichert, wie es f\u00fcr den Zweck der Verarbeitung erforderlich ist. Daten werden nur dann f\u00fcr einen l\u00e4ngeren als diesen Zeitraum gespeichert, wenn dies gem\u00e4\u00df der anzuwendenden Gesetze, Verordnungen oder anderen Rechtsnormen der Europ\u00e4ischen Union oder eines Mitgliedsland der Europ\u00e4ischen Union erforderlich ist. F\u00fcr die Speicherung Ihrer pers\u00f6nlichen Daten gelten folgende Fristen: Interessenten: Zwei Jahre nach Wegfallen der Grundlage f\u00fcr die Nutzung der Daten . Kunden: F\u00fcnf Jahre nach Auslaufen des Vertrags.<\/p>\n\n\n\n<p><strong>Wie werden Ihre Personen- und Unternehmensdaten gesichert?<\/strong><\/p>\n\n\n\n<p>J&amp;W hat angemessene technische und organisatorische Ma\u00dfnahmen ergriffen, um alle Daten gegen Verlust oder jegliche Form der unrechtm\u00e4\u00dfigen Verarbeitung zu sch\u00fctzen. ISB hat ein Datensicherungskonzept erstellt und unter Ber\u00fccksichtigung dieses Konzepts physische, organisatorische und elektronische Ma\u00dfnahmen getroffen.<\/p>\n\n\n\n<p><strong>Welche Rechte haben Sie?<\/strong><\/p>\n\n\n\n<p>Als Betroffener, dessen personenbezogene Daten verarbeitet werden, haben Sie das Recht auf Auskunft (Art. 15 DSGVO), Berichtigung (Art. 16 DSGVO), L\u00f6schung von Daten (Art. 17 DSGVO), Einschr\u00e4nkung der Verarbeitung (Art. 18 DSGVO) und \u00dcbertragbarkeit von Daten (Art. 20 DSGVO).<\/p>\n\n\n\n<p><strong>\u00c4nderungen<\/strong><\/p>\n\n\n\n<p>Wir k\u00f6nnen unser Datenschutzkonzept \u00e4ndern. Bei \u00c4nderungen in unserem Datenschutzkonzept wird unsere Datenschutzerkl\u00e4rung entsprechend angepasst. Wir empfehlen Ihnen deshalb, regelm\u00e4\u00dfig unsere aktuelle Datenschutzerkl\u00e4rung auf m\u00f6gliche durchgef\u00fchrte \u00c4nderungen zu kontrollieren.<\/p>\n","protected":false},"excerpt":{"rendered":"<p>INDUSTRIAL SOLUTIONS BENELUX Allgemeine Datenschutzverordnung Nachstehend lesen Sie die offizielle Datenschutzerkl\u00e4rung von J&amp;W Service B.V., im folgenden J&amp;W genannt. Diese Datenschutzverordnung wurde im Einklang mit den gesetzlichen Bestimmungen wie etwa dem Datenschutzgesetz und gleichzeitig mit G\u00fcltigkeit ab dem 25. Mai 2018 der Datenschutzgrundverordnung (DSGVO) erstellt. J&amp;W legt viel Wert auf Ihre Privatsph\u00e4re. Mit dieser Datenschutzerkl\u00e4rung [&hellip;]<\/p>\n","protected":false},"author":1,"featured_media":0,"parent":0,"menu_order":0,"comment_status":"closed","ping_status":"closed","template":"","meta":{"_genesis_hide_title":false,"_genesis_hide_breadcrumbs":false,"_genesis_hide_singular_image":false,"_genesis_hide_footer_widgets":false,"_genesis_custom_body_class":"","_genesis_custom_post_class":"","_genesis_layout":"","footnotes":""},"class_list":{"0":"post-325","1":"page","2":"type-page","3":"status-publish","5":"entry"},"yoast_head":"<!-- This site is optimized with the Yoast SEO plugin v27.4 - https:\/\/yoast.com\/product\/yoast-seo-wordpress\/ -->\n<title>Die Datenschutzerkl\u00e4rung von J&amp;W Service - J &amp; W Service B.V.<\/title>\n<meta name=\"description\" content=\"Auf dieser Seite k\u00f6nnen Sie die offizielle Datenschutzerkl\u00e4rung von J&amp;W Service B.V. lesen. Es wurde mit gesetzlichen Bestimmungen erstellt.\" \/>\n<meta name=\"robots\" content=\"index, follow, max-snippet:-1, max-image-preview:large, max-video-preview:-1\" \/>\n<link rel=\"canonical\" href=\"https:\/\/jwservice.nl\/de\/datenschutzbedingungen\/\" \/>\n<meta property=\"og:locale\" content=\"de_DE\" \/>\n<meta property=\"og:type\" content=\"article\" \/>\n<meta property=\"og:title\" content=\"Die Datenschutzerkl\u00e4rung von J&amp;W Service - J &amp; W Service B.V.\" \/>\n<meta property=\"og:description\" content=\"Auf dieser Seite k\u00f6nnen Sie die offizielle Datenschutzerkl\u00e4rung von J&amp;W Service B.V. lesen. Es wurde mit gesetzlichen Bestimmungen erstellt.\" \/>\n<meta property=\"og:url\" content=\"https:\/\/jwservice.nl\/de\/datenschutzbedingungen\/\" \/>\n<meta property=\"og:site_name\" content=\"J &amp; W Service B.V.\" \/>\n<meta property=\"article:publisher\" content=\"https:\/\/www.facebook.com\/jwserviceborculo\/\" \/>\n<meta property=\"article:modified_time\" content=\"2022-04-29T10:15:53+00:00\" \/>\n<meta name=\"twitter:card\" content=\"summary_large_image\" \/>\n<meta name=\"twitter:label1\" content=\"Gesch\u00e4tzte Lesezeit\" \/>\n\t<meta name=\"twitter:data1\" content=\"4\u00a0Minuten\" \/>\n<script type=\"application\/ld+json\" class=\"yoast-schema-graph\">{\"@context\":\"https:\\\/\\\/schema.org\",\"@graph\":[{\"@type\":\"WebPage\",\"@id\":\"https:\\\/\\\/jwservice.nl\\\/de\\\/datenschutzbedingungen\\\/\",\"url\":\"https:\\\/\\\/jwservice.nl\\\/de\\\/datenschutzbedingungen\\\/\",\"name\":\"Die Datenschutzerkl\u00e4rung von J&W Service - J &amp; W Service B.V.\",\"isPartOf\":{\"@id\":\"https:\\\/\\\/jwservice.nl\\\/de\\\/#website\"},\"datePublished\":\"2022-04-29T10:15:52+00:00\",\"dateModified\":\"2022-04-29T10:15:53+00:00\",\"description\":\"Auf dieser Seite k\u00f6nnen Sie die offizielle Datenschutzerkl\u00e4rung von J&W Service B.V. lesen. Es wurde mit gesetzlichen Bestimmungen erstellt.\",\"inLanguage\":\"de\",\"potentialAction\":[{\"@type\":\"ReadAction\",\"target\":[\"https:\\\/\\\/jwservice.nl\\\/de\\\/datenschutzbedingungen\\\/\"]}]},{\"@type\":\"WebSite\",\"@id\":\"https:\\\/\\\/jwservice.nl\\\/de\\\/#website\",\"url\":\"https:\\\/\\\/jwservice.nl\\\/de\\\/\",\"name\":\"J &amp; W Service B.V.\",\"description\":\"Installaties voor de vleesverwerkende industrie\",\"publisher\":{\"@id\":\"https:\\\/\\\/jwservice.nl\\\/de\\\/#organization\"},\"potentialAction\":[{\"@type\":\"SearchAction\",\"target\":{\"@type\":\"EntryPoint\",\"urlTemplate\":\"https:\\\/\\\/jwservice.nl\\\/de\\\/?s={search_term_string}\"},\"query-input\":{\"@type\":\"PropertyValueSpecification\",\"valueRequired\":true,\"valueName\":\"search_term_string\"}}],\"inLanguage\":\"de\"},{\"@type\":\"Organization\",\"@id\":\"https:\\\/\\\/jwservice.nl\\\/de\\\/#organization\",\"name\":\"J &amp; W Service B.V.\",\"url\":\"https:\\\/\\\/jwservice.nl\\\/de\\\/\",\"logo\":{\"@type\":\"ImageObject\",\"inLanguage\":\"de\",\"@id\":\"https:\\\/\\\/jwservice.nl\\\/de\\\/#\\\/schema\\\/logo\\\/image\\\/\",\"url\":\"https:\\\/\\\/jwservice.nl\\\/wp-content\\\/uploads\\\/2022\\\/04\\\/jwservice.png\",\"contentUrl\":\"https:\\\/\\\/jwservice.nl\\\/wp-content\\\/uploads\\\/2022\\\/04\\\/jwservice.png\",\"width\":415,\"height\":81,\"caption\":\"J &amp; W Service B.V.\"},\"image\":{\"@id\":\"https:\\\/\\\/jwservice.nl\\\/de\\\/#\\\/schema\\\/logo\\\/image\\\/\"},\"sameAs\":[\"https:\\\/\\\/www.facebook.com\\\/jwserviceborculo\\\/\",\"https:\\\/\\\/nl.linkedin.com\\\/in\\\/r-wittebroek-0a147871\"]}]}<\/script>\n<!-- \/ Yoast SEO plugin. -->","yoast_head_json":{"title":"Die Datenschutzerkl\u00e4rung von J&W Service - J &amp; W Service B.V.","description":"Auf dieser Seite k\u00f6nnen Sie die offizielle Datenschutzerkl\u00e4rung von J&W Service B.V. lesen. Es wurde mit gesetzlichen Bestimmungen erstellt.","robots":{"index":"index","follow":"follow","max-snippet":"max-snippet:-1","max-image-preview":"max-image-preview:large","max-video-preview":"max-video-preview:-1"},"canonical":"https:\/\/jwservice.nl\/de\/datenschutzbedingungen\/","og_locale":"de_DE","og_type":"article","og_title":"Die Datenschutzerkl\u00e4rung von J&W Service - J &amp; W Service B.V.","og_description":"Auf dieser Seite k\u00f6nnen Sie die offizielle Datenschutzerkl\u00e4rung von J&W Service B.V. lesen. Es wurde mit gesetzlichen Bestimmungen erstellt.","og_url":"https:\/\/jwservice.nl\/de\/datenschutzbedingungen\/","og_site_name":"J &amp; W Service B.V.","article_publisher":"https:\/\/www.facebook.com\/jwserviceborculo\/","article_modified_time":"2022-04-29T10:15:53+00:00","twitter_card":"summary_large_image","twitter_misc":{"Gesch\u00e4tzte Lesezeit":"4\u00a0Minuten"},"schema":{"@context":"https:\/\/schema.org","@graph":[{"@type":"WebPage","@id":"https:\/\/jwservice.nl\/de\/datenschutzbedingungen\/","url":"https:\/\/jwservice.nl\/de\/datenschutzbedingungen\/","name":"Die Datenschutzerkl\u00e4rung von J&W Service - J &amp; W Service B.V.","isPartOf":{"@id":"https:\/\/jwservice.nl\/de\/#website"},"datePublished":"2022-04-29T10:15:52+00:00","dateModified":"2022-04-29T10:15:53+00:00","description":"Auf dieser Seite k\u00f6nnen Sie die offizielle Datenschutzerkl\u00e4rung von J&W Service B.V. lesen. Es wurde mit gesetzlichen Bestimmungen erstellt.","inLanguage":"de","potentialAction":[{"@type":"ReadAction","target":["https:\/\/jwservice.nl\/de\/datenschutzbedingungen\/"]}]},{"@type":"WebSite","@id":"https:\/\/jwservice.nl\/de\/#website","url":"https:\/\/jwservice.nl\/de\/","name":"J &amp; W Service B.V.","description":"Installaties voor de vleesverwerkende industrie","publisher":{"@id":"https:\/\/jwservice.nl\/de\/#organization"},"potentialAction":[{"@type":"SearchAction","target":{"@type":"EntryPoint","urlTemplate":"https:\/\/jwservice.nl\/de\/?s={search_term_string}"},"query-input":{"@type":"PropertyValueSpecification","valueRequired":true,"valueName":"search_term_string"}}],"inLanguage":"de"},{"@type":"Organization","@id":"https:\/\/jwservice.nl\/de\/#organization","name":"J &amp; W Service B.V.","url":"https:\/\/jwservice.nl\/de\/","logo":{"@type":"ImageObject","inLanguage":"de","@id":"https:\/\/jwservice.nl\/de\/#\/schema\/logo\/image\/","url":"https:\/\/jwservice.nl\/wp-content\/uploads\/2022\/04\/jwservice.png","contentUrl":"https:\/\/jwservice.nl\/wp-content\/uploads\/2022\/04\/jwservice.png","width":415,"height":81,"caption":"J &amp; W Service B.V."},"image":{"@id":"https:\/\/jwservice.nl\/de\/#\/schema\/logo\/image\/"},"sameAs":["https:\/\/www.facebook.com\/jwserviceborculo\/","https:\/\/nl.linkedin.com\/in\/r-wittebroek-0a147871"]}]}},"_links":{"self":[{"href":"https:\/\/jwservice.nl\/de\/wp-json\/wp\/v2\/pages\/325","targetHints":{"allow":["GET"]}}],"collection":[{"href":"https:\/\/jwservice.nl\/de\/wp-json\/wp\/v2\/pages"}],"about":[{"href":"https:\/\/jwservice.nl\/de\/wp-json\/wp\/v2\/types\/page"}],"author":[{"embeddable":true,"href":"https:\/\/jwservice.nl\/de\/wp-json\/wp\/v2\/users\/1"}],"replies":[{"embeddable":true,"href":"https:\/\/jwservice.nl\/de\/wp-json\/wp\/v2\/comments?post=325"}],"version-history":[{"count":1,"href":"https:\/\/jwservice.nl\/de\/wp-json\/wp\/v2\/pages\/325\/revisions"}],"predecessor-version":[{"id":326,"href":"https:\/\/jwservice.nl\/de\/wp-json\/wp\/v2\/pages\/325\/revisions\/326"}],"wp:attachment":[{"href":"https:\/\/jwservice.nl\/de\/wp-json\/wp\/v2\/media?parent=325"}],"curies":[{"name":"wp","href":"https:\/\/api.w.org\/{rel}","templated":true}]}}