{"id":319,"date":"2022-04-29T12:08:44","date_gmt":"2022-04-29T10:08:44","guid":{"rendered":"https:\/\/jwservice.nl\/?page_id=319"},"modified":"2022-04-29T12:09:44","modified_gmt":"2022-04-29T10:09:44","slug":"produktion","status":"publish","type":"page","link":"https:\/\/jwservice.nl\/de\/ueber-jw-service\/produktion\/","title":{"rendered":"Produktion"},"content":{"rendered":"\n<h2 class=\"wp-block-heading\">Produktionshallen<\/h2>\n\n\n\n<p>J&amp;W Service verf\u00fcgt \u00fcber insgesamt drei ger\u00e4umige Produktionshallen, zwei Hallen mit 800 m\u00b2 und eine weitere mit 900 m\u00b2. Ein gro\u00dfer Maschinenpark verteilt sich auf die drei gro\u00dfen Produktionshallen. Eine der Hallen ist mit einer CAD\/CNC-gesteuerten Wasserschneidemaschine ausgestattet. Es gibt auch Maschinen wie Scheren, Abkantpressen, Schwei\u00dftische, 3D-Zeichnungsprogramme und andere Ger\u00e4te, um ein kundenspezifisches Produkt von h\u00f6chster Qualit\u00e4t zu liefern. Alle diese Ger\u00e4te werden auch von unserer eigenen Strominstallation versorgt. <\/p>\n\n\n\n<p>Wir arbeiten mit den besten Lieferanten zusammen, um Teile zu kaufen, die wir nicht selbst herstellen k\u00f6nnen. Beispielsweise werden Ketten nur von deutschen Lieferanten bezogen, die f\u00fcr ihre solide Fertigung bekannt sind.<\/p>\n\n\n\n<h3 class=\"wp-block-heading\">Containerkonvertierung <\/h3>\n\n\n\n<p>J&amp;W Service kann auf Anfrage auch eine mobile Schlachtanlage entwerfen, herstellen und liefern. Ein gutes Beispiel daf\u00fcr sind die Frachtcontainer, die Sie auf den Fotos sehen k\u00f6nnen. Diese Container sind f\u00fcr die Insel Saba entworfen und hergestellt. Die drei Container wurden zu einer mobilen Schlachtanlage umgebaut; ein Container wurde komplett zu einem K\u00fchlhaus umgebaut. In einem anderen Container wird eine Schlachtanlage hergestellt und der letzte Container ist als Kantine mit ua Klimaanlage und Sp\u00fcle ausgestattet. Die mobile Schlachtanlage ist so ergonomisch wie m\u00f6glich konzipiert und ausgef\u00fchrt.<\/p>\n\n\n\n<h3 class=\"wp-block-heading\">B\u00fcroeinheit <\/h3>\n\n\n\n<p>Eine mobile Schlachtanlage erfordert eine B\u00fcroeinheit, die unterschiedlich und nach Ihren W\u00fcnschen eingerichtet werden kann. Ein gutes Beispiel daf\u00fcr ist die f\u00fcr die Insel Saba gefertigte B\u00fcroeinheit. Diese Einheit hat eine kleine K\u00fcche und wegen der tropischen Temperaturen wurde eine Klimaanlage eingebaut. Das Foto zeigt auch ein Beispiel daf\u00fcr, wie die Zeichnung daf\u00fcr entworfen wurde und das Endergebnis der B\u00fcroeinheit.<\/p>\n\n\n\n<h3 class=\"wp-block-heading\">Ma\u00dfgeschneidert <\/h3>\n\n\n\n<p>J&amp;W Service ist daf\u00fcr bekannt, flexibel zu sein und mit dem Kunden mitzudenken. Wir tun dies, damit die Schlachtanlage so weit wie m\u00f6glich Ihren W\u00fcnschen entspricht. Da J&amp;W Service mitdenkt, erhalten Sie auch die Schlachtanlage so ergonomisch wie m\u00f6glich und ma\u00dfgeschneidert. J&amp;W Service sorgt daf\u00fcr, dass alles ma\u00dfgeschneidert ist, damit Sie nicht mit unerwarteten Problemen konfrontiert werden. J&amp;W Service tut dies anhand eines straffen Zeitplans, damit die Mitarbeiter wissen, was zu tun ist und wann die Arbeit erledigt werden muss.<\/p>\n\n\n\n<h3 class=\"wp-block-heading\">Sonnenfelder<\/h3>\n\n\n\n<p>J&amp;W Service ist nat\u00fcrlich auf die Herstellung von Schlachtanlagen spezialisiert, aber das ist nicht das Einzige, was J&amp;W Service f\u00fcr Sie tun kann. J&amp;W Service fertigt und installiert Solarmodule, die dann auf Solarfeldern platziert werden. Wir tun dies in Zusammenarbeit mit Solar. J&amp;W Service denkt mit Ihnen mit, um es so ergonomisch wie m\u00f6glich zu gestalten.<\/p>\n\n\n\n<h3 class=\"wp-block-heading\">Schlachtzelle <\/h3>\n\n\n\n<p>J&amp;W Service gestaltet mobile Schlachtanlagen nach Kundenwunsch so ergonomisch wie m\u00f6glich. Die Schlachtzelle ist ein wichtiger Bestandteil der mobilen Schlachtanlage. Der Schlachthof kann nach Wunsch gestaltet und ausgef\u00fchrt werden. Sie k\u00f6nnen dies wie folgt sehen: Wenn Sie uns Ihre Anfrage zur Einrichtung zukommen lassen, pr\u00fcfen wir die M\u00f6glichkeiten und sorgen daf\u00fcr, dass die Schlachtzelle so effizient und ergonomisch wie m\u00f6glich gebaut wird.<\/p>\n\n\n\n<h3 class=\"wp-block-heading\">Gefrierzelle <\/h3>\n\n\n\n<p> Zu einer mobilen Schlachtanlage geh\u00f6rt auch ein Ort, an dem das Fleisch gek\u00fchlt gelagert werden kann. Daf\u00fcr haben wir einen Gefrierschrank entworfen und gebaut. Die R\u00fcckseite des Beh\u00e4lters ist mit einem K\u00fchlsystem ausgestattet, was bedeutet, dass das Fleisch gefroren ist. Vom Inneren des Ger\u00e4tes aus l\u00e4sst sich die Temperatur je nach gew\u00fcnschter K\u00fchltemperatur des Fleisches regulieren.<\/p>\n\n\n\n<h3 class=\"wp-block-heading\">K\u00fchlraum <\/h3>\n\n\n\n<p>In einer mobilen Schlachtanlage braucht man auch ein K\u00fchlhaus, das das Fleisch k\u00fchl h\u00e4lt, damit es nach dem Schlachten des Tieres nicht verdirbt. <\/p>\n\n\n\n<p> Das K\u00fchlhaus ist f\u00fcr das Fleisch da, das Sie fr\u00fcher verwenden werden. <\/p>\n\n\n\n<p>Wenn Sie wissen, dass Sie das Fleisch zu Hause haben, das Sie eine Weile nicht verwenden werden, k\u00f6nnen Sie es im Gefrierschrank aufbewahren.<\/p>\n","protected":false},"excerpt":{"rendered":"<p>Produktionshallen J&amp;W Service verf\u00fcgt \u00fcber insgesamt drei ger\u00e4umige Produktionshallen, zwei Hallen mit 800 m\u00b2 und eine weitere mit 900 m\u00b2. Ein gro\u00dfer Maschinenpark verteilt sich auf die drei gro\u00dfen Produktionshallen. Eine der Hallen ist mit einer CAD\/CNC-gesteuerten Wasserschneidemaschine ausgestattet. Es gibt auch Maschinen wie Scheren, Abkantpressen, Schwei\u00dftische, 3D-Zeichnungsprogramme und andere Ger\u00e4te, um ein kundenspezifisches Produkt [&hellip;]<\/p>\n","protected":false},"author":1,"featured_media":0,"parent":311,"menu_order":0,"comment_status":"closed","ping_status":"closed","template":"","meta":{"_genesis_hide_title":false,"_genesis_hide_breadcrumbs":false,"_genesis_hide_singular_image":false,"_genesis_hide_footer_widgets":false,"_genesis_custom_body_class":"","_genesis_custom_post_class":"","_genesis_layout":"","footnotes":""},"class_list":{"0":"post-319","1":"page","2":"type-page","3":"status-publish","5":"entry"},"yoast_head":"<!-- This site is optimized with the Yoast SEO plugin v27.3 - https:\/\/yoast.com\/product\/yoast-seo-wordpress\/ -->\n<title>Produktion bei J&amp;W Service - J &amp; W Service B.V.<\/title>\n<meta name=\"description\" content=\"Auf dieser Seite erkl\u00e4ren wir Ihnen, was unsere Produktion bedeutet M\u00f6chten Sie mehr \u00fcber die Produktion bei J&amp;W Service erfahren?\" \/>\n<meta name=\"robots\" content=\"index, follow, max-snippet:-1, max-image-preview:large, max-video-preview:-1\" \/>\n<link rel=\"canonical\" href=\"https:\/\/jwservice.nl\/de\/ueber-jw-service\/produktion\/\" \/>\n<meta property=\"og:locale\" content=\"de_DE\" \/>\n<meta property=\"og:type\" content=\"article\" \/>\n<meta property=\"og:title\" content=\"Produktion bei J&amp;W Service - J &amp; W Service B.V.\" \/>\n<meta property=\"og:description\" content=\"Auf dieser Seite erkl\u00e4ren wir Ihnen, was unsere Produktion bedeutet M\u00f6chten Sie mehr \u00fcber die Produktion bei J&amp;W Service erfahren?\" \/>\n<meta property=\"og:url\" content=\"https:\/\/jwservice.nl\/de\/ueber-jw-service\/produktion\/\" \/>\n<meta property=\"og:site_name\" content=\"J &amp; W Service B.V.\" \/>\n<meta property=\"article:publisher\" content=\"https:\/\/www.facebook.com\/jwserviceborculo\/\" \/>\n<meta property=\"article:modified_time\" content=\"2022-04-29T10:09:44+00:00\" \/>\n<meta name=\"twitter:card\" content=\"summary_large_image\" \/>\n<meta name=\"twitter:label1\" content=\"Gesch\u00e4tzte Lesezeit\" \/>\n\t<meta name=\"twitter:data1\" content=\"2\u00a0Minuten\" \/>\n<script type=\"application\/ld+json\" class=\"yoast-schema-graph\">{\"@context\":\"https:\\\/\\\/schema.org\",\"@graph\":[{\"@type\":\"WebPage\",\"@id\":\"https:\\\/\\\/jwservice.nl\\\/de\\\/ueber-jw-service\\\/produktion\\\/\",\"url\":\"https:\\\/\\\/jwservice.nl\\\/de\\\/ueber-jw-service\\\/produktion\\\/\",\"name\":\"Produktion bei J&W Service - J &amp; W Service B.V.\",\"isPartOf\":{\"@id\":\"https:\\\/\\\/jwservice.nl\\\/de\\\/#website\"},\"datePublished\":\"2022-04-29T10:08:44+00:00\",\"dateModified\":\"2022-04-29T10:09:44+00:00\",\"description\":\"Auf dieser Seite erkl\u00e4ren wir Ihnen, was unsere Produktion bedeutet M\u00f6chten Sie mehr \u00fcber die Produktion bei J&W Service erfahren?\",\"breadcrumb\":{\"@id\":\"https:\\\/\\\/jwservice.nl\\\/de\\\/ueber-jw-service\\\/produktion\\\/#breadcrumb\"},\"inLanguage\":\"de\",\"potentialAction\":[{\"@type\":\"ReadAction\",\"target\":[\"https:\\\/\\\/jwservice.nl\\\/de\\\/ueber-jw-service\\\/produktion\\\/\"]}]},{\"@type\":\"BreadcrumbList\",\"@id\":\"https:\\\/\\\/jwservice.nl\\\/de\\\/ueber-jw-service\\\/produktion\\\/#breadcrumb\",\"itemListElement\":[{\"@type\":\"ListItem\",\"position\":1,\"name\":\"\u00dcber J&amp;W Service\",\"item\":\"https:\\\/\\\/jwservice.nl\\\/de\\\/ueber-jw-service\\\/\"},{\"@type\":\"ListItem\",\"position\":2,\"name\":\"Produktion\"}]},{\"@type\":\"WebSite\",\"@id\":\"https:\\\/\\\/jwservice.nl\\\/de\\\/#website\",\"url\":\"https:\\\/\\\/jwservice.nl\\\/de\\\/\",\"name\":\"J &amp; W Service B.V.\",\"description\":\"Installaties voor de vleesverwerkende industrie\",\"publisher\":{\"@id\":\"https:\\\/\\\/jwservice.nl\\\/de\\\/#organization\"},\"potentialAction\":[{\"@type\":\"SearchAction\",\"target\":{\"@type\":\"EntryPoint\",\"urlTemplate\":\"https:\\\/\\\/jwservice.nl\\\/de\\\/?s={search_term_string}\"},\"query-input\":{\"@type\":\"PropertyValueSpecification\",\"valueRequired\":true,\"valueName\":\"search_term_string\"}}],\"inLanguage\":\"de\"},{\"@type\":\"Organization\",\"@id\":\"https:\\\/\\\/jwservice.nl\\\/de\\\/#organization\",\"name\":\"J &amp; W Service B.V.\",\"url\":\"https:\\\/\\\/jwservice.nl\\\/de\\\/\",\"logo\":{\"@type\":\"ImageObject\",\"inLanguage\":\"de\",\"@id\":\"https:\\\/\\\/jwservice.nl\\\/de\\\/#\\\/schema\\\/logo\\\/image\\\/\",\"url\":\"https:\\\/\\\/jwservice.nl\\\/wp-content\\\/uploads\\\/2022\\\/04\\\/jwservice.png\",\"contentUrl\":\"https:\\\/\\\/jwservice.nl\\\/wp-content\\\/uploads\\\/2022\\\/04\\\/jwservice.png\",\"width\":415,\"height\":81,\"caption\":\"J &amp; W Service B.V.\"},\"image\":{\"@id\":\"https:\\\/\\\/jwservice.nl\\\/de\\\/#\\\/schema\\\/logo\\\/image\\\/\"},\"sameAs\":[\"https:\\\/\\\/www.facebook.com\\\/jwserviceborculo\\\/\",\"https:\\\/\\\/nl.linkedin.com\\\/in\\\/r-wittebroek-0a147871\"]}]}<\/script>\n<!-- \/ Yoast SEO plugin. -->","yoast_head_json":{"title":"Produktion bei J&W Service - J &amp; W Service B.V.","description":"Auf dieser Seite erkl\u00e4ren wir Ihnen, was unsere Produktion bedeutet M\u00f6chten Sie mehr \u00fcber die Produktion bei J&W Service erfahren?","robots":{"index":"index","follow":"follow","max-snippet":"max-snippet:-1","max-image-preview":"max-image-preview:large","max-video-preview":"max-video-preview:-1"},"canonical":"https:\/\/jwservice.nl\/de\/ueber-jw-service\/produktion\/","og_locale":"de_DE","og_type":"article","og_title":"Produktion bei J&W Service - J &amp; W Service B.V.","og_description":"Auf dieser Seite erkl\u00e4ren wir Ihnen, was unsere Produktion bedeutet M\u00f6chten Sie mehr \u00fcber die Produktion bei J&W Service erfahren?","og_url":"https:\/\/jwservice.nl\/de\/ueber-jw-service\/produktion\/","og_site_name":"J &amp; W Service B.V.","article_publisher":"https:\/\/www.facebook.com\/jwserviceborculo\/","article_modified_time":"2022-04-29T10:09:44+00:00","twitter_card":"summary_large_image","twitter_misc":{"Gesch\u00e4tzte Lesezeit":"2\u00a0Minuten"},"schema":{"@context":"https:\/\/schema.org","@graph":[{"@type":"WebPage","@id":"https:\/\/jwservice.nl\/de\/ueber-jw-service\/produktion\/","url":"https:\/\/jwservice.nl\/de\/ueber-jw-service\/produktion\/","name":"Produktion bei J&W Service - J &amp; W Service B.V.","isPartOf":{"@id":"https:\/\/jwservice.nl\/de\/#website"},"datePublished":"2022-04-29T10:08:44+00:00","dateModified":"2022-04-29T10:09:44+00:00","description":"Auf dieser Seite erkl\u00e4ren wir Ihnen, was unsere Produktion bedeutet M\u00f6chten Sie mehr \u00fcber die Produktion bei J&W Service erfahren?","breadcrumb":{"@id":"https:\/\/jwservice.nl\/de\/ueber-jw-service\/produktion\/#breadcrumb"},"inLanguage":"de","potentialAction":[{"@type":"ReadAction","target":["https:\/\/jwservice.nl\/de\/ueber-jw-service\/produktion\/"]}]},{"@type":"BreadcrumbList","@id":"https:\/\/jwservice.nl\/de\/ueber-jw-service\/produktion\/#breadcrumb","itemListElement":[{"@type":"ListItem","position":1,"name":"\u00dcber J&amp;W Service","item":"https:\/\/jwservice.nl\/de\/ueber-jw-service\/"},{"@type":"ListItem","position":2,"name":"Produktion"}]},{"@type":"WebSite","@id":"https:\/\/jwservice.nl\/de\/#website","url":"https:\/\/jwservice.nl\/de\/","name":"J &amp; W Service B.V.","description":"Installaties voor de vleesverwerkende industrie","publisher":{"@id":"https:\/\/jwservice.nl\/de\/#organization"},"potentialAction":[{"@type":"SearchAction","target":{"@type":"EntryPoint","urlTemplate":"https:\/\/jwservice.nl\/de\/?s={search_term_string}"},"query-input":{"@type":"PropertyValueSpecification","valueRequired":true,"valueName":"search_term_string"}}],"inLanguage":"de"},{"@type":"Organization","@id":"https:\/\/jwservice.nl\/de\/#organization","name":"J &amp; W Service B.V.","url":"https:\/\/jwservice.nl\/de\/","logo":{"@type":"ImageObject","inLanguage":"de","@id":"https:\/\/jwservice.nl\/de\/#\/schema\/logo\/image\/","url":"https:\/\/jwservice.nl\/wp-content\/uploads\/2022\/04\/jwservice.png","contentUrl":"https:\/\/jwservice.nl\/wp-content\/uploads\/2022\/04\/jwservice.png","width":415,"height":81,"caption":"J &amp; W Service B.V."},"image":{"@id":"https:\/\/jwservice.nl\/de\/#\/schema\/logo\/image\/"},"sameAs":["https:\/\/www.facebook.com\/jwserviceborculo\/","https:\/\/nl.linkedin.com\/in\/r-wittebroek-0a147871"]}]}},"_links":{"self":[{"href":"https:\/\/jwservice.nl\/de\/wp-json\/wp\/v2\/pages\/319","targetHints":{"allow":["GET"]}}],"collection":[{"href":"https:\/\/jwservice.nl\/de\/wp-json\/wp\/v2\/pages"}],"about":[{"href":"https:\/\/jwservice.nl\/de\/wp-json\/wp\/v2\/types\/page"}],"author":[{"embeddable":true,"href":"https:\/\/jwservice.nl\/de\/wp-json\/wp\/v2\/users\/1"}],"replies":[{"embeddable":true,"href":"https:\/\/jwservice.nl\/de\/wp-json\/wp\/v2\/comments?post=319"}],"version-history":[{"count":2,"href":"https:\/\/jwservice.nl\/de\/wp-json\/wp\/v2\/pages\/319\/revisions"}],"predecessor-version":[{"id":322,"href":"https:\/\/jwservice.nl\/de\/wp-json\/wp\/v2\/pages\/319\/revisions\/322"}],"up":[{"embeddable":true,"href":"https:\/\/jwservice.nl\/de\/wp-json\/wp\/v2\/pages\/311"}],"wp:attachment":[{"href":"https:\/\/jwservice.nl\/de\/wp-json\/wp\/v2\/media?parent=319"}],"curies":[{"name":"wp","href":"https:\/\/api.w.org\/{rel}","templated":true}]}}