{"id":315,"date":"2022-04-29T12:05:07","date_gmt":"2022-04-29T10:05:07","guid":{"rendered":"https:\/\/jwservice.nl\/?page_id=315"},"modified":"2022-04-29T12:05:07","modified_gmt":"2022-04-29T10:05:07","slug":"qualitaet","status":"publish","type":"page","link":"https:\/\/jwservice.nl\/de\/ueber-jw-service\/qualitaet\/","title":{"rendered":"Qualit\u00e4t"},"content":{"rendered":"\n<p> Bei J&amp;W Service wird f\u00fcr beste Qualit\u00e4t gesorgt. Sie tun dies, indem sie in die notwendigen Maschinen f\u00fcr die gew\u00fcnschte und h\u00f6chste Qualit\u00e4t investieren. So streben wir jeden Tag nach Perfektion. Die Eigent\u00fcmer Roy Janssen und Ramon Wittebroek sind seit mehr als 30 Jahren im Gesch\u00e4ft und verf\u00fcgen \u00fcber ein motiviertes, VCA-zertifiziertes Team mit viel Know-how und Qualit\u00e4t in der Fleischverarbeitungsindustrie. <\/p>\n","protected":false},"excerpt":{"rendered":"<p>Bei J&amp;W Service wird f\u00fcr beste Qualit\u00e4t gesorgt. Sie tun dies, indem sie in die notwendigen Maschinen f\u00fcr die gew\u00fcnschte und h\u00f6chste Qualit\u00e4t investieren. So streben wir jeden Tag nach Perfektion. Die Eigent\u00fcmer Roy Janssen und Ramon Wittebroek sind seit mehr als 30 Jahren im Gesch\u00e4ft und verf\u00fcgen \u00fcber ein motiviertes, VCA-zertifiziertes Team mit viel [&hellip;]<\/p>\n","protected":false},"author":1,"featured_media":0,"parent":311,"menu_order":0,"comment_status":"closed","ping_status":"closed","template":"","meta":{"_genesis_hide_title":false,"_genesis_hide_breadcrumbs":false,"_genesis_hide_singular_image":false,"_genesis_hide_footer_widgets":false,"_genesis_custom_body_class":"","_genesis_custom_post_class":"","_genesis_layout":"","footnotes":""},"class_list":{"0":"post-315","1":"page","2":"type-page","3":"status-publish","5":"entry"},"yoast_head":"<!-- This site is optimized with the Yoast SEO plugin v27.3 - https:\/\/yoast.com\/product\/yoast-seo-wordpress\/ -->\n<title>Die Qualit\u00e4t mit Kompetenz und Erfahrung - J &amp; W Service B.V.<\/title>\n<meta name=\"description\" content=\"Bei J&amp;W Service wird die beste Qualit\u00e4t sichergestellt und dies wird durch die Investition in die notwendigen Maschinen erreicht.\" \/>\n<meta name=\"robots\" content=\"index, follow, max-snippet:-1, max-image-preview:large, max-video-preview:-1\" \/>\n<link rel=\"canonical\" href=\"https:\/\/jwservice.nl\/de\/ueber-jw-service\/qualitaet\/\" \/>\n<meta property=\"og:locale\" content=\"de_DE\" \/>\n<meta property=\"og:type\" content=\"article\" \/>\n<meta property=\"og:title\" content=\"Die Qualit\u00e4t mit Kompetenz und Erfahrung - J &amp; W Service B.V.\" \/>\n<meta property=\"og:description\" content=\"Bei J&amp;W Service wird die beste Qualit\u00e4t sichergestellt und dies wird durch die Investition in die notwendigen Maschinen erreicht.\" \/>\n<meta property=\"og:url\" content=\"https:\/\/jwservice.nl\/de\/ueber-jw-service\/qualitaet\/\" \/>\n<meta property=\"og:site_name\" content=\"J &amp; W Service B.V.\" \/>\n<meta property=\"article:publisher\" content=\"https:\/\/www.facebook.com\/jwserviceborculo\/\" \/>\n<meta name=\"twitter:card\" content=\"summary_large_image\" \/>\n<meta name=\"twitter:label1\" content=\"Gesch\u00e4tzte Lesezeit\" \/>\n\t<meta name=\"twitter:data1\" content=\"1\u00a0Minute\" \/>\n<script type=\"application\/ld+json\" class=\"yoast-schema-graph\">{\"@context\":\"https:\\\/\\\/schema.org\",\"@graph\":[{\"@type\":\"WebPage\",\"@id\":\"https:\\\/\\\/jwservice.nl\\\/de\\\/ueber-jw-service\\\/qualitaet\\\/\",\"url\":\"https:\\\/\\\/jwservice.nl\\\/de\\\/ueber-jw-service\\\/qualitaet\\\/\",\"name\":\"Die Qualit\u00e4t mit Kompetenz und Erfahrung - J &amp; W Service B.V.\",\"isPartOf\":{\"@id\":\"https:\\\/\\\/jwservice.nl\\\/de\\\/#website\"},\"datePublished\":\"2022-04-29T10:05:07+00:00\",\"description\":\"Bei J&W Service wird die beste Qualit\u00e4t sichergestellt und dies wird durch die Investition in die notwendigen Maschinen erreicht.\",\"breadcrumb\":{\"@id\":\"https:\\\/\\\/jwservice.nl\\\/de\\\/ueber-jw-service\\\/qualitaet\\\/#breadcrumb\"},\"inLanguage\":\"de\",\"potentialAction\":[{\"@type\":\"ReadAction\",\"target\":[\"https:\\\/\\\/jwservice.nl\\\/de\\\/ueber-jw-service\\\/qualitaet\\\/\"]}]},{\"@type\":\"BreadcrumbList\",\"@id\":\"https:\\\/\\\/jwservice.nl\\\/de\\\/ueber-jw-service\\\/qualitaet\\\/#breadcrumb\",\"itemListElement\":[{\"@type\":\"ListItem\",\"position\":1,\"name\":\"\u00dcber J&amp;W Service\",\"item\":\"https:\\\/\\\/jwservice.nl\\\/de\\\/ueber-jw-service\\\/\"},{\"@type\":\"ListItem\",\"position\":2,\"name\":\"Qualit\u00e4t\"}]},{\"@type\":\"WebSite\",\"@id\":\"https:\\\/\\\/jwservice.nl\\\/de\\\/#website\",\"url\":\"https:\\\/\\\/jwservice.nl\\\/de\\\/\",\"name\":\"J &amp; W Service B.V.\",\"description\":\"Installaties voor de vleesverwerkende industrie\",\"publisher\":{\"@id\":\"https:\\\/\\\/jwservice.nl\\\/de\\\/#organization\"},\"potentialAction\":[{\"@type\":\"SearchAction\",\"target\":{\"@type\":\"EntryPoint\",\"urlTemplate\":\"https:\\\/\\\/jwservice.nl\\\/de\\\/?s={search_term_string}\"},\"query-input\":{\"@type\":\"PropertyValueSpecification\",\"valueRequired\":true,\"valueName\":\"search_term_string\"}}],\"inLanguage\":\"de\"},{\"@type\":\"Organization\",\"@id\":\"https:\\\/\\\/jwservice.nl\\\/de\\\/#organization\",\"name\":\"J &amp; W Service B.V.\",\"url\":\"https:\\\/\\\/jwservice.nl\\\/de\\\/\",\"logo\":{\"@type\":\"ImageObject\",\"inLanguage\":\"de\",\"@id\":\"https:\\\/\\\/jwservice.nl\\\/de\\\/#\\\/schema\\\/logo\\\/image\\\/\",\"url\":\"https:\\\/\\\/jwservice.nl\\\/wp-content\\\/uploads\\\/2022\\\/04\\\/jwservice.png\",\"contentUrl\":\"https:\\\/\\\/jwservice.nl\\\/wp-content\\\/uploads\\\/2022\\\/04\\\/jwservice.png\",\"width\":415,\"height\":81,\"caption\":\"J &amp; W Service B.V.\"},\"image\":{\"@id\":\"https:\\\/\\\/jwservice.nl\\\/de\\\/#\\\/schema\\\/logo\\\/image\\\/\"},\"sameAs\":[\"https:\\\/\\\/www.facebook.com\\\/jwserviceborculo\\\/\",\"https:\\\/\\\/nl.linkedin.com\\\/in\\\/r-wittebroek-0a147871\"]}]}<\/script>\n<!-- \/ Yoast SEO plugin. -->","yoast_head_json":{"title":"Die Qualit\u00e4t mit Kompetenz und Erfahrung - J &amp; W Service B.V.","description":"Bei J&W Service wird die beste Qualit\u00e4t sichergestellt und dies wird durch die Investition in die notwendigen Maschinen erreicht.","robots":{"index":"index","follow":"follow","max-snippet":"max-snippet:-1","max-image-preview":"max-image-preview:large","max-video-preview":"max-video-preview:-1"},"canonical":"https:\/\/jwservice.nl\/de\/ueber-jw-service\/qualitaet\/","og_locale":"de_DE","og_type":"article","og_title":"Die Qualit\u00e4t mit Kompetenz und Erfahrung - J &amp; W Service B.V.","og_description":"Bei J&W Service wird die beste Qualit\u00e4t sichergestellt und dies wird durch die Investition in die notwendigen Maschinen erreicht.","og_url":"https:\/\/jwservice.nl\/de\/ueber-jw-service\/qualitaet\/","og_site_name":"J &amp; W Service B.V.","article_publisher":"https:\/\/www.facebook.com\/jwserviceborculo\/","twitter_card":"summary_large_image","twitter_misc":{"Gesch\u00e4tzte Lesezeit":"1\u00a0Minute"},"schema":{"@context":"https:\/\/schema.org","@graph":[{"@type":"WebPage","@id":"https:\/\/jwservice.nl\/de\/ueber-jw-service\/qualitaet\/","url":"https:\/\/jwservice.nl\/de\/ueber-jw-service\/qualitaet\/","name":"Die Qualit\u00e4t mit Kompetenz und Erfahrung - J &amp; W Service B.V.","isPartOf":{"@id":"https:\/\/jwservice.nl\/de\/#website"},"datePublished":"2022-04-29T10:05:07+00:00","description":"Bei J&W Service wird die beste Qualit\u00e4t sichergestellt und dies wird durch die Investition in die notwendigen Maschinen erreicht.","breadcrumb":{"@id":"https:\/\/jwservice.nl\/de\/ueber-jw-service\/qualitaet\/#breadcrumb"},"inLanguage":"de","potentialAction":[{"@type":"ReadAction","target":["https:\/\/jwservice.nl\/de\/ueber-jw-service\/qualitaet\/"]}]},{"@type":"BreadcrumbList","@id":"https:\/\/jwservice.nl\/de\/ueber-jw-service\/qualitaet\/#breadcrumb","itemListElement":[{"@type":"ListItem","position":1,"name":"\u00dcber J&amp;W Service","item":"https:\/\/jwservice.nl\/de\/ueber-jw-service\/"},{"@type":"ListItem","position":2,"name":"Qualit\u00e4t"}]},{"@type":"WebSite","@id":"https:\/\/jwservice.nl\/de\/#website","url":"https:\/\/jwservice.nl\/de\/","name":"J &amp; W Service B.V.","description":"Installaties voor de vleesverwerkende industrie","publisher":{"@id":"https:\/\/jwservice.nl\/de\/#organization"},"potentialAction":[{"@type":"SearchAction","target":{"@type":"EntryPoint","urlTemplate":"https:\/\/jwservice.nl\/de\/?s={search_term_string}"},"query-input":{"@type":"PropertyValueSpecification","valueRequired":true,"valueName":"search_term_string"}}],"inLanguage":"de"},{"@type":"Organization","@id":"https:\/\/jwservice.nl\/de\/#organization","name":"J &amp; W Service B.V.","url":"https:\/\/jwservice.nl\/de\/","logo":{"@type":"ImageObject","inLanguage":"de","@id":"https:\/\/jwservice.nl\/de\/#\/schema\/logo\/image\/","url":"https:\/\/jwservice.nl\/wp-content\/uploads\/2022\/04\/jwservice.png","contentUrl":"https:\/\/jwservice.nl\/wp-content\/uploads\/2022\/04\/jwservice.png","width":415,"height":81,"caption":"J &amp; W Service B.V."},"image":{"@id":"https:\/\/jwservice.nl\/de\/#\/schema\/logo\/image\/"},"sameAs":["https:\/\/www.facebook.com\/jwserviceborculo\/","https:\/\/nl.linkedin.com\/in\/r-wittebroek-0a147871"]}]}},"_links":{"self":[{"href":"https:\/\/jwservice.nl\/de\/wp-json\/wp\/v2\/pages\/315","targetHints":{"allow":["GET"]}}],"collection":[{"href":"https:\/\/jwservice.nl\/de\/wp-json\/wp\/v2\/pages"}],"about":[{"href":"https:\/\/jwservice.nl\/de\/wp-json\/wp\/v2\/types\/page"}],"author":[{"embeddable":true,"href":"https:\/\/jwservice.nl\/de\/wp-json\/wp\/v2\/users\/1"}],"replies":[{"embeddable":true,"href":"https:\/\/jwservice.nl\/de\/wp-json\/wp\/v2\/comments?post=315"}],"version-history":[{"count":1,"href":"https:\/\/jwservice.nl\/de\/wp-json\/wp\/v2\/pages\/315\/revisions"}],"predecessor-version":[{"id":316,"href":"https:\/\/jwservice.nl\/de\/wp-json\/wp\/v2\/pages\/315\/revisions\/316"}],"up":[{"embeddable":true,"href":"https:\/\/jwservice.nl\/de\/wp-json\/wp\/v2\/pages\/311"}],"wp:attachment":[{"href":"https:\/\/jwservice.nl\/de\/wp-json\/wp\/v2\/media?parent=315"}],"curies":[{"name":"wp","href":"https:\/\/api.w.org\/{rel}","templated":true}]}}