{"id":313,"date":"2022-04-29T12:03:50","date_gmt":"2022-04-29T10:03:50","guid":{"rendered":"https:\/\/jwservice.nl\/?page_id=313"},"modified":"2022-04-29T12:04:13","modified_gmt":"2022-04-29T10:04:13","slug":"flexibel","status":"publish","type":"page","link":"https:\/\/jwservice.nl\/de\/ueber-jw-service\/flexibel\/","title":{"rendered":"Flexibel"},"content":{"rendered":"\n<h2 class=\"wp-block-heading\">Gro\u00df durch Flexibilit\u00e4t<\/h2>\n\n\n\n<p>Bei J&amp;W Service stehen die Kundenw\u00fcnsche an erster Stelle, J&amp;W Service sorgt auch f\u00fcr h\u00f6chste Qualit\u00e4t und guten Service und investiert kontinuierlich in die Sch\u00e4rfung und Verbesserung von Qualit\u00e4t und Service. <\/p>\n\n\n\n<p>Gro\u00df sein, indem man flexibel bleibt, ist unser Motto f\u00fcr unsere bestehenden und neuen Kunden. Das bedeutet, dass wir gerne mit Ihnen mitdenken, um das Produkt ganz nach Ihren W\u00fcnschen in h\u00f6chstm\u00f6glicher Qualit\u00e4t herzustellen. <\/p>\n","protected":false},"excerpt":{"rendered":"<p>Gro\u00df durch Flexibilit\u00e4t Bei J&amp;W Service stehen die Kundenw\u00fcnsche an erster Stelle, J&amp;W Service sorgt auch f\u00fcr h\u00f6chste Qualit\u00e4t und guten Service und investiert kontinuierlich in die Sch\u00e4rfung und Verbesserung von Qualit\u00e4t und Service. Gro\u00df sein, indem man flexibel bleibt, ist unser Motto f\u00fcr unsere bestehenden und neuen Kunden. Das bedeutet, dass wir gerne mit [&hellip;]<\/p>\n","protected":false},"author":1,"featured_media":0,"parent":311,"menu_order":0,"comment_status":"closed","ping_status":"closed","template":"","meta":{"_genesis_hide_title":false,"_genesis_hide_breadcrumbs":false,"_genesis_hide_singular_image":false,"_genesis_hide_footer_widgets":false,"_genesis_custom_body_class":"","_genesis_custom_post_class":"","_genesis_layout":"","footnotes":""},"class_list":{"0":"post-313","1":"page","2":"type-page","3":"status-publish","5":"entry"},"yoast_head":"<!-- This site is optimized with the Yoast SEO plugin v27.3 - https:\/\/yoast.com\/product\/yoast-seo-wordpress\/ -->\n<title>Hohe Qualit\u00e4t und guter Service bei J&amp;W Service! - J &amp; W Service B.V.<\/title>\n<meta name=\"description\" content=\"J&amp;W Service gew\u00e4hrleistet h\u00f6chste Qualit\u00e4t, guten Service und investiert in die Weiterentwicklung und Verbesserung von Qualit\u00e4t und Service.\" \/>\n<meta name=\"robots\" content=\"index, follow, max-snippet:-1, max-image-preview:large, max-video-preview:-1\" \/>\n<link rel=\"canonical\" href=\"https:\/\/jwservice.nl\/de\/ueber-jw-service\/flexibel\/\" \/>\n<meta property=\"og:locale\" content=\"de_DE\" \/>\n<meta property=\"og:type\" content=\"article\" \/>\n<meta property=\"og:title\" content=\"Hohe Qualit\u00e4t und guter Service bei J&amp;W Service! - J &amp; W Service B.V.\" \/>\n<meta property=\"og:description\" content=\"J&amp;W Service gew\u00e4hrleistet h\u00f6chste Qualit\u00e4t, guten Service und investiert in die Weiterentwicklung und Verbesserung von Qualit\u00e4t und Service.\" \/>\n<meta property=\"og:url\" content=\"https:\/\/jwservice.nl\/de\/ueber-jw-service\/flexibel\/\" \/>\n<meta property=\"og:site_name\" content=\"J &amp; W Service B.V.\" \/>\n<meta property=\"article:publisher\" content=\"https:\/\/www.facebook.com\/jwserviceborculo\/\" \/>\n<meta property=\"article:modified_time\" content=\"2022-04-29T10:04:13+00:00\" \/>\n<meta name=\"twitter:card\" content=\"summary_large_image\" \/>\n<meta name=\"twitter:label1\" content=\"Gesch\u00e4tzte Lesezeit\" \/>\n\t<meta name=\"twitter:data1\" content=\"1\u00a0Minute\" \/>\n<script type=\"application\/ld+json\" class=\"yoast-schema-graph\">{\"@context\":\"https:\\\/\\\/schema.org\",\"@graph\":[{\"@type\":\"WebPage\",\"@id\":\"https:\\\/\\\/jwservice.nl\\\/de\\\/ueber-jw-service\\\/flexibel\\\/\",\"url\":\"https:\\\/\\\/jwservice.nl\\\/de\\\/ueber-jw-service\\\/flexibel\\\/\",\"name\":\"Hohe Qualit\u00e4t und guter Service bei J&W Service! - J &amp; W Service B.V.\",\"isPartOf\":{\"@id\":\"https:\\\/\\\/jwservice.nl\\\/de\\\/#website\"},\"datePublished\":\"2022-04-29T10:03:50+00:00\",\"dateModified\":\"2022-04-29T10:04:13+00:00\",\"description\":\"J&W Service gew\u00e4hrleistet h\u00f6chste Qualit\u00e4t, guten Service und investiert in die Weiterentwicklung und Verbesserung von Qualit\u00e4t und Service.\",\"breadcrumb\":{\"@id\":\"https:\\\/\\\/jwservice.nl\\\/de\\\/ueber-jw-service\\\/flexibel\\\/#breadcrumb\"},\"inLanguage\":\"de\",\"potentialAction\":[{\"@type\":\"ReadAction\",\"target\":[\"https:\\\/\\\/jwservice.nl\\\/de\\\/ueber-jw-service\\\/flexibel\\\/\"]}]},{\"@type\":\"BreadcrumbList\",\"@id\":\"https:\\\/\\\/jwservice.nl\\\/de\\\/ueber-jw-service\\\/flexibel\\\/#breadcrumb\",\"itemListElement\":[{\"@type\":\"ListItem\",\"position\":1,\"name\":\"\u00dcber J&amp;W Service\",\"item\":\"https:\\\/\\\/jwservice.nl\\\/de\\\/ueber-jw-service\\\/\"},{\"@type\":\"ListItem\",\"position\":2,\"name\":\"Flexibel\"}]},{\"@type\":\"WebSite\",\"@id\":\"https:\\\/\\\/jwservice.nl\\\/de\\\/#website\",\"url\":\"https:\\\/\\\/jwservice.nl\\\/de\\\/\",\"name\":\"J &amp; W Service B.V.\",\"description\":\"Installaties voor de vleesverwerkende industrie\",\"publisher\":{\"@id\":\"https:\\\/\\\/jwservice.nl\\\/de\\\/#organization\"},\"potentialAction\":[{\"@type\":\"SearchAction\",\"target\":{\"@type\":\"EntryPoint\",\"urlTemplate\":\"https:\\\/\\\/jwservice.nl\\\/de\\\/?s={search_term_string}\"},\"query-input\":{\"@type\":\"PropertyValueSpecification\",\"valueRequired\":true,\"valueName\":\"search_term_string\"}}],\"inLanguage\":\"de\"},{\"@type\":\"Organization\",\"@id\":\"https:\\\/\\\/jwservice.nl\\\/de\\\/#organization\",\"name\":\"J &amp; W Service B.V.\",\"url\":\"https:\\\/\\\/jwservice.nl\\\/de\\\/\",\"logo\":{\"@type\":\"ImageObject\",\"inLanguage\":\"de\",\"@id\":\"https:\\\/\\\/jwservice.nl\\\/de\\\/#\\\/schema\\\/logo\\\/image\\\/\",\"url\":\"https:\\\/\\\/jwservice.nl\\\/wp-content\\\/uploads\\\/2022\\\/04\\\/jwservice.png\",\"contentUrl\":\"https:\\\/\\\/jwservice.nl\\\/wp-content\\\/uploads\\\/2022\\\/04\\\/jwservice.png\",\"width\":415,\"height\":81,\"caption\":\"J &amp; W Service B.V.\"},\"image\":{\"@id\":\"https:\\\/\\\/jwservice.nl\\\/de\\\/#\\\/schema\\\/logo\\\/image\\\/\"},\"sameAs\":[\"https:\\\/\\\/www.facebook.com\\\/jwserviceborculo\\\/\",\"https:\\\/\\\/nl.linkedin.com\\\/in\\\/r-wittebroek-0a147871\"]}]}<\/script>\n<!-- \/ Yoast SEO plugin. -->","yoast_head_json":{"title":"Hohe Qualit\u00e4t und guter Service bei J&W Service! - J &amp; W Service B.V.","description":"J&W Service gew\u00e4hrleistet h\u00f6chste Qualit\u00e4t, guten Service und investiert in die Weiterentwicklung und Verbesserung von Qualit\u00e4t und Service.","robots":{"index":"index","follow":"follow","max-snippet":"max-snippet:-1","max-image-preview":"max-image-preview:large","max-video-preview":"max-video-preview:-1"},"canonical":"https:\/\/jwservice.nl\/de\/ueber-jw-service\/flexibel\/","og_locale":"de_DE","og_type":"article","og_title":"Hohe Qualit\u00e4t und guter Service bei J&W Service! - J &amp; W Service B.V.","og_description":"J&W Service gew\u00e4hrleistet h\u00f6chste Qualit\u00e4t, guten Service und investiert in die Weiterentwicklung und Verbesserung von Qualit\u00e4t und Service.","og_url":"https:\/\/jwservice.nl\/de\/ueber-jw-service\/flexibel\/","og_site_name":"J &amp; W Service B.V.","article_publisher":"https:\/\/www.facebook.com\/jwserviceborculo\/","article_modified_time":"2022-04-29T10:04:13+00:00","twitter_card":"summary_large_image","twitter_misc":{"Gesch\u00e4tzte Lesezeit":"1\u00a0Minute"},"schema":{"@context":"https:\/\/schema.org","@graph":[{"@type":"WebPage","@id":"https:\/\/jwservice.nl\/de\/ueber-jw-service\/flexibel\/","url":"https:\/\/jwservice.nl\/de\/ueber-jw-service\/flexibel\/","name":"Hohe Qualit\u00e4t und guter Service bei J&W Service! - J &amp; W Service B.V.","isPartOf":{"@id":"https:\/\/jwservice.nl\/de\/#website"},"datePublished":"2022-04-29T10:03:50+00:00","dateModified":"2022-04-29T10:04:13+00:00","description":"J&W Service gew\u00e4hrleistet h\u00f6chste Qualit\u00e4t, guten Service und investiert in die Weiterentwicklung und Verbesserung von Qualit\u00e4t und Service.","breadcrumb":{"@id":"https:\/\/jwservice.nl\/de\/ueber-jw-service\/flexibel\/#breadcrumb"},"inLanguage":"de","potentialAction":[{"@type":"ReadAction","target":["https:\/\/jwservice.nl\/de\/ueber-jw-service\/flexibel\/"]}]},{"@type":"BreadcrumbList","@id":"https:\/\/jwservice.nl\/de\/ueber-jw-service\/flexibel\/#breadcrumb","itemListElement":[{"@type":"ListItem","position":1,"name":"\u00dcber J&amp;W Service","item":"https:\/\/jwservice.nl\/de\/ueber-jw-service\/"},{"@type":"ListItem","position":2,"name":"Flexibel"}]},{"@type":"WebSite","@id":"https:\/\/jwservice.nl\/de\/#website","url":"https:\/\/jwservice.nl\/de\/","name":"J &amp; W Service B.V.","description":"Installaties voor de vleesverwerkende industrie","publisher":{"@id":"https:\/\/jwservice.nl\/de\/#organization"},"potentialAction":[{"@type":"SearchAction","target":{"@type":"EntryPoint","urlTemplate":"https:\/\/jwservice.nl\/de\/?s={search_term_string}"},"query-input":{"@type":"PropertyValueSpecification","valueRequired":true,"valueName":"search_term_string"}}],"inLanguage":"de"},{"@type":"Organization","@id":"https:\/\/jwservice.nl\/de\/#organization","name":"J &amp; W Service B.V.","url":"https:\/\/jwservice.nl\/de\/","logo":{"@type":"ImageObject","inLanguage":"de","@id":"https:\/\/jwservice.nl\/de\/#\/schema\/logo\/image\/","url":"https:\/\/jwservice.nl\/wp-content\/uploads\/2022\/04\/jwservice.png","contentUrl":"https:\/\/jwservice.nl\/wp-content\/uploads\/2022\/04\/jwservice.png","width":415,"height":81,"caption":"J &amp; W Service B.V."},"image":{"@id":"https:\/\/jwservice.nl\/de\/#\/schema\/logo\/image\/"},"sameAs":["https:\/\/www.facebook.com\/jwserviceborculo\/","https:\/\/nl.linkedin.com\/in\/r-wittebroek-0a147871"]}]}},"_links":{"self":[{"href":"https:\/\/jwservice.nl\/de\/wp-json\/wp\/v2\/pages\/313","targetHints":{"allow":["GET"]}}],"collection":[{"href":"https:\/\/jwservice.nl\/de\/wp-json\/wp\/v2\/pages"}],"about":[{"href":"https:\/\/jwservice.nl\/de\/wp-json\/wp\/v2\/types\/page"}],"author":[{"embeddable":true,"href":"https:\/\/jwservice.nl\/de\/wp-json\/wp\/v2\/users\/1"}],"replies":[{"embeddable":true,"href":"https:\/\/jwservice.nl\/de\/wp-json\/wp\/v2\/comments?post=313"}],"version-history":[{"count":1,"href":"https:\/\/jwservice.nl\/de\/wp-json\/wp\/v2\/pages\/313\/revisions"}],"predecessor-version":[{"id":314,"href":"https:\/\/jwservice.nl\/de\/wp-json\/wp\/v2\/pages\/313\/revisions\/314"}],"up":[{"embeddable":true,"href":"https:\/\/jwservice.nl\/de\/wp-json\/wp\/v2\/pages\/311"}],"wp:attachment":[{"href":"https:\/\/jwservice.nl\/de\/wp-json\/wp\/v2\/media?parent=313"}],"curies":[{"name":"wp","href":"https:\/\/api.w.org\/{rel}","templated":true}]}}