{"id":307,"date":"2022-04-29T11:58:34","date_gmt":"2022-04-29T09:58:34","guid":{"rendered":"https:\/\/jwservice.nl\/?page_id=307"},"modified":"2022-05-02T10:20:55","modified_gmt":"2022-05-02T08:20:55","slug":"startseite","status":"publish","type":"page","link":"https:\/\/jwservice.nl\/de\/","title":{"rendered":"Startseite"},"content":{"rendered":"\n<div class=\"wp-block-soliloquy-soliloquywp alignfull\"><div aria-live=\"polite\" id=\"soliloquy-container-86_1\" class=\"soliloquy-container soliloquy-transition-fade  soliloquy-theme-base\" style=\"max-width:3000px;max-height:500px;\"><ul id=\"soliloquy-86_1\" class=\"soliloquy-slider soliloquy-slides soliloquy-wrap soliloquy-clear\"><li aria-hidden=\"true\" class=\"soliloquy-item soliloquy-item-1 soliloquy-image-slide\" draggable=\"false\" style=\"list-style:none\"><img decoding=\"async\" id=\"soliloquy-image-87\" class=\"soliloquy-image soliloquy-image-1\" src=\"https:\/\/jwservice.nl\/wp-content\/uploads\/2022\/04\/jenw-service-werkplaats-pand-3000x500_c.jpeg\" alt=\"J&amp;W Service werkplaats pand\" data-no-lazy=\"1\"  \/><\/li><li aria-hidden=\"true\" class=\"soliloquy-item soliloquy-item-2 soliloquy-image-slide\" draggable=\"false\" style=\"list-style:none\"><img decoding=\"async\" id=\"soliloquy-image-89\" class=\"soliloquy-image soliloquy-image-2\" src=\"https:\/\/jwservice.nl\/wp-content\/uploads\/2022\/04\/j-en-w-service-rolbank-3000x500_c.jpeg\" alt=\"J&amp;W Service rolbank\" data-no-lazy=\"1\"  \/><\/li><li aria-hidden=\"true\" class=\"soliloquy-item soliloquy-item-3 soliloquy-image-slide\" draggable=\"false\" style=\"list-style:none\"><img decoding=\"async\" id=\"soliloquy-image-91\" class=\"soliloquy-image soliloquy-image-3\" src=\"https:\/\/jwservice.nl\/wp-content\/uploads\/2022\/04\/jenw-service-snijden-3000x500_c.jpeg\" alt=\"J&amp;W Service snijden\" data-no-lazy=\"1\"  \/><\/li><\/ul><\/div><noscript><style type=\"text\/css\">#soliloquy-container-86_1{opacity:1}<\/style><\/noscript><\/div>\n\n\n\n<div class=\"wp-block-group alignfull has-theme-secondary-background-color has-background\"><div class=\"wp-block-group__inner-container is-layout-flow wp-block-group-is-layout-flow\">\n<div class=\"wp-block-group alignwide\"><div class=\"wp-block-group__inner-container is-layout-flow wp-block-group-is-layout-flow\"><div class=\"articles shortcode\"><article class=\"post-301 post type-post status-publish format-standard has-post-thumbnail category-nachricht entry\" aria-label=\"Neue Schlachtlinie in Bonaire\"><a class=\"entry-image-link\" href=\"https:\/\/jwservice.nl\/de\/neue-schlachtlinie-in-bonaire\/\" aria-hidden=\"true\" tabindex=\"-1\"><img decoding=\"async\" width=\"720\" height=\"360\" src=\"https:\/\/jwservice.nl\/wp-content\/uploads\/2022\/04\/j-en-w-service-bonaire-720x360.webp\" class=\"aligncenter post-image entry-image\" alt=\"J&amp;W Service Bonaire\" \/><\/a><div class=\"jw-div\"><header class=\"entry-header\"><h2 class=\"entry-title\"><a class=\"entry-title-link\" rel=\"bookmark\" href=\"https:\/\/jwservice.nl\/de\/neue-schlachtlinie-in-bonaire\/\">Neue Schlachtlinie in Bonaire<\/a><\/h2>\n<\/header><div class=\"entry-content\"><p>J&amp;W Service wird 2022 eine komplett neue Schlachtlinie auf Bonaire errichten. Dies sorgt f\u00fcr ...<p class=\"more-paragraph\"><a class=\"more-link\" href=\"https:\/\/jwservice.nl\/de\/neue-schlachtlinie-in-bonaire\/\">Weiterlesen<\/a><\/p><\/p><\/div><footer class=\"entry-footer\"><\/footer><\/div><\/article><article class=\"post-303 post type-post status-publish format-standard has-post-thumbnail category-nachricht entry\" aria-label=\"Produktionshallen\"><a class=\"entry-image-link\" href=\"https:\/\/jwservice.nl\/de\/produktionshallen\/\" aria-hidden=\"true\" tabindex=\"-1\"><img decoding=\"async\" width=\"720\" height=\"360\" src=\"https:\/\/jwservice.nl\/wp-content\/uploads\/2022\/04\/j-en-w-service-pand-720x360.jpeg\" class=\"aligncenter post-image entry-image\" alt=\"J&amp;W Service Geb\u00e4ude\" \/><\/a><div class=\"jw-div\"><header class=\"entry-header\"><h2 class=\"entry-title\"><a class=\"entry-title-link\" rel=\"bookmark\" href=\"https:\/\/jwservice.nl\/de\/produktionshallen\/\">Produktionshallen<\/a><\/h2>\n<\/header><div class=\"entry-content\"><p>J&amp;W Service verf\u00fcgt \u00fcber insgesamt drei ger\u00e4umige Produktionshallen, zwei Hallen mit 800 m\u00b2 und ...<p class=\"more-paragraph\"><a class=\"more-link\" href=\"https:\/\/jwservice.nl\/de\/produktionshallen\/\">Weiterlesen<\/a><\/p><\/p><\/div><footer class=\"entry-footer\"><\/footer><\/div><\/article><article class=\"category-vacatures entry\"><a class=\"entry-image-link\" href=https:\/\/jwservice.nl\/de\/category\/stellenangebote\/\"><img decoding=\"async\" width=\"720\" height=\"360\" src=\"https:\/\/jwservice.nl\/wp-content\/uploads\/2022\/04\/vacature-j-en-w-service-720x360.jpeg\" class=\"aligncenter post-image entry-image\" alt=\"Stellenausschreibung J&amp;W Service\" \/><\/a><div class=\"jw-div\"><header class=\"entry-header\"><h2 class=\"entry-title\">Stellenangebote <span>(4)<\/span><\/h2><\/header><div class=\"entry-content\"><p>J&amp;W Service ist immer auf der Suche nach neuen Talenten. Sehen Sie sich unsere Seite mit Stellenangeboten an und antworten Sie sofort!<\/p>\n<p class=\"more-paragraph\"><a href=\"https:\/\/jwservice.nl\/de\/category\/stellenangebote\/\" class=\"more-link\">Weiterlesen<\/a><\/p><\/div><\/div><\/article><\/div>\n<\/div><\/div>\n<\/div><\/div>\n\n\n\n<div class=\"wp-block-columns is-layout-flex wp-container-core-columns-is-layout-9d6595d7 wp-block-columns-is-layout-flex\">\n<div class=\"wp-block-column content is-layout-flow wp-block-column-is-layout-flow\">\n<div style=\"height:40px\" aria-hidden=\"true\" class=\"wp-block-spacer\"><\/div>\n\n\n\n<h1 class=\"wp-block-heading\" id=\"headline-421-215\">J&amp;W SERVICE<\/h1>\n\n\n\n<p id=\"text_block-456-215\">J&amp;W Service entwickelt, entwirft und implementiert Anlagen und Techniken f\u00fcr die nationale und internationale fleischverarbeitende Industrie. Mit kompletten Produktionshallen, Schlachthausanlagen, Schlachtlinien und Zerlegungsr\u00e4umen f\u00fcr Schweine, Rinder und Schafe, aber auch ma\u00dfgeschneiderte L\u00f6sungen im Fleischverarbeitungsprozess.<br><br>Das kann eine komplette Anlage sein, aber auch kleinere Teile wie z B. F\u00f6rderb\u00e4nder, komplette automatisierte K\u00fchlh\u00e4user, Steuerungssysteme und F\u00f6rderb\u00e4nder. Bei der Konzeption, Entwicklung, Installation und Inbetriebnahme arbeiten wir eng mit unseren Kunden zusammen und versuchen ihre W\u00fcnsche so optimal wie m\u00f6glich zu erf\u00fcllen. Alle Aspekte werden besprochen: Qualit\u00e4t, Hygiene, Lebensmittelsicherheit, Ergonomie, Automatisierungsgrad, Tierschutz, Umwelt usw.<br><br>Unsere Anlagen sind solide gebaut, einfach zu bedienen, ergonomisch sinnvoll und sicher im Umgang. Aufgrund der hohen Qualit\u00e4t ist es g\u00fcnstig im Unterhalt und bietet eine hohe Rendite. J&amp;W Service liefert alle Installationen schl\u00fcsselfertig, damit Sie sofort loslegen k\u00f6nnen. Auch nach der Lieferung k\u00f6nnen Sie sich bei Bedarf auf unseren (24-Stunden-)Service verlassen.<br><br>M\u00f6chten Sie wissen, was JW Service f\u00fcr Sie tun kann? Bitte kontaktieren Sie uns f\u00fcr ein unverbindliches weiteres Kennenlernen.<\/p>\n<\/div>\n\n\n\n<div class=\"wp-block-column sidebar is-layout-flow wp-block-column-is-layout-flow\">\n<div style=\"height:40px\" aria-hidden=\"true\" class=\"wp-block-spacer\"><\/div>\n\n\n\n<figure class=\"wp-block-image size-full\"><img decoding=\"async\" width=\"958\" height=\"688\" src=\"https:\/\/jwservice.nl\/wp-content\/uploads\/2022\/04\/jw-service-ribben.webp\" alt=\"\" class=\"wp-image-107\" srcset=\"https:\/\/jwservice.nl\/wp-content\/uploads\/2022\/04\/jw-service-ribben.webp 958w, https:\/\/jwservice.nl\/wp-content\/uploads\/2022\/04\/jw-service-ribben-300x215.webp 300w, https:\/\/jwservice.nl\/wp-content\/uploads\/2022\/04\/jw-service-ribben-768x552.webp 768w\" sizes=\"(max-width: 958px) 100vw, 958px\" \/><\/figure>\n\n\n\n<div class=\"wp-block-group has-white-color has-theme-dark-background-color has-text-color has-background\"><div class=\"wp-block-group__inner-container is-layout-flow wp-block-group-is-layout-flow\">\n<h2 class=\"wp-block-heading\">Volg ons op social media<\/h2>\n\n\n\n<p><a href=\"https:\/\/www.facebook.com\/jwserviceborculo\/\"><i class=\"fab fa-facebook-square\"><\/i><\/a> <a href=\"https:\/\/nl.linkedin.com\/in\/r-wittebroek-0a147871?trk=public_profile_browsemap\"><i class=\"fab fa-linkedin\"><\/i><\/a><\/p>\n<\/div><\/div>\n<\/div>\n<\/div>\n","protected":false},"excerpt":{"rendered":"<p>J&amp;W SERVICE J&amp;W Service entwickelt, entwirft und implementiert Anlagen und Techniken f\u00fcr die nationale und internationale fleischverarbeitende Industrie. Mit kompletten Produktionshallen, Schlachthausanlagen, Schlachtlinien und Zerlegungsr\u00e4umen f\u00fcr Schweine, Rinder und Schafe, aber auch ma\u00dfgeschneiderte L\u00f6sungen im Fleischverarbeitungsprozess. Das kann eine komplette Anlage sein, aber auch kleinere Teile wie z B. F\u00f6rderb\u00e4nder, komplette automatisierte K\u00fchlh\u00e4user, Steuerungssysteme und [&hellip;]<\/p>\n","protected":false},"author":1,"featured_media":0,"parent":0,"menu_order":0,"comment_status":"closed","ping_status":"closed","template":"","meta":{"_genesis_hide_title":true,"_genesis_hide_breadcrumbs":false,"_genesis_hide_singular_image":false,"_genesis_hide_footer_widgets":false,"_genesis_custom_body_class":"","_genesis_custom_post_class":"","_genesis_layout":"full-width-content","footnotes":""},"class_list":{"0":"post-307","1":"page","2":"type-page","3":"status-publish","5":"entry","6":"has-post-thumbnail"},"yoast_head":"<!-- This site is optimized with the Yoast SEO plugin v27.3 - https:\/\/yoast.com\/product\/yoast-seo-wordpress\/ -->\n<title>Der J&amp;W-Service steht f\u00fcr Sie bereit! - J &amp; W Service B.V.<\/title>\n<meta name=\"description\" content=\"J&amp;W Service entwickelt, entwirft und implementiert Anlagen und Techniken f\u00fcr die fleischverarbeitende Industrie.\" \/>\n<meta name=\"robots\" content=\"index, follow, max-snippet:-1, max-image-preview:large, max-video-preview:-1\" \/>\n<link rel=\"canonical\" href=\"https:\/\/jwservice.nl\/de\/\" \/>\n<meta property=\"og:locale\" content=\"de_DE\" \/>\n<meta property=\"og:type\" content=\"article\" \/>\n<meta property=\"og:title\" content=\"Der J&amp;W-Service steht f\u00fcr Sie bereit! - J &amp; W Service B.V.\" \/>\n<meta property=\"og:description\" content=\"J&amp;W Service entwickelt, entwirft und implementiert Anlagen und Techniken f\u00fcr die fleischverarbeitende Industrie.\" \/>\n<meta property=\"og:url\" content=\"https:\/\/jwservice.nl\/de\/\" \/>\n<meta property=\"og:site_name\" content=\"J &amp; W Service B.V.\" \/>\n<meta property=\"article:publisher\" content=\"https:\/\/www.facebook.com\/jwserviceborculo\/\" \/>\n<meta property=\"article:modified_time\" content=\"2022-05-02T08:20:55+00:00\" \/>\n<meta property=\"og:image\" content=\"https:\/\/jwservice.nl\/wp-content\/uploads\/2022\/04\/jw-service-ribben.webp\" \/>\n<meta name=\"twitter:card\" content=\"summary_large_image\" \/>\n<meta name=\"twitter:label1\" content=\"Gesch\u00e4tzte Lesezeit\" \/>\n\t<meta name=\"twitter:data1\" content=\"2\u00a0Minuten\" \/>\n<script type=\"application\/ld+json\" class=\"yoast-schema-graph\">{\"@context\":\"https:\\\/\\\/schema.org\",\"@graph\":[{\"@type\":\"WebPage\",\"@id\":\"https:\\\/\\\/jwservice.nl\\\/de\\\/\",\"url\":\"https:\\\/\\\/jwservice.nl\\\/de\\\/\",\"name\":\"Der J&W-Service steht f\u00fcr Sie bereit! - J &amp; W Service B.V.\",\"isPartOf\":{\"@id\":\"https:\\\/\\\/jwservice.nl\\\/de\\\/#website\"},\"primaryImageOfPage\":{\"@id\":\"https:\\\/\\\/jwservice.nl\\\/de\\\/#primaryimage\"},\"image\":{\"@id\":\"https:\\\/\\\/jwservice.nl\\\/de\\\/#primaryimage\"},\"thumbnailUrl\":\"https:\\\/\\\/jwservice.nl\\\/wp-content\\\/uploads\\\/2022\\\/04\\\/jw-service-ribben.webp\",\"datePublished\":\"2022-04-29T09:58:34+00:00\",\"dateModified\":\"2022-05-02T08:20:55+00:00\",\"description\":\"J&W Service entwickelt, entwirft und implementiert Anlagen und Techniken f\u00fcr die fleischverarbeitende Industrie.\",\"inLanguage\":\"de\",\"potentialAction\":[{\"@type\":\"ReadAction\",\"target\":[\"https:\\\/\\\/jwservice.nl\\\/de\\\/\"]}]},{\"@type\":\"ImageObject\",\"inLanguage\":\"de\",\"@id\":\"https:\\\/\\\/jwservice.nl\\\/de\\\/#primaryimage\",\"url\":\"https:\\\/\\\/jwservice.nl\\\/wp-content\\\/uploads\\\/2022\\\/04\\\/jw-service-ribben.webp\",\"contentUrl\":\"https:\\\/\\\/jwservice.nl\\\/wp-content\\\/uploads\\\/2022\\\/04\\\/jw-service-ribben.webp\"},{\"@type\":\"WebSite\",\"@id\":\"https:\\\/\\\/jwservice.nl\\\/de\\\/#website\",\"url\":\"https:\\\/\\\/jwservice.nl\\\/de\\\/\",\"name\":\"J &amp; W Service B.V.\",\"description\":\"Installaties voor de vleesverwerkende industrie\",\"publisher\":{\"@id\":\"https:\\\/\\\/jwservice.nl\\\/de\\\/#organization\"},\"potentialAction\":[{\"@type\":\"SearchAction\",\"target\":{\"@type\":\"EntryPoint\",\"urlTemplate\":\"https:\\\/\\\/jwservice.nl\\\/de\\\/?s={search_term_string}\"},\"query-input\":{\"@type\":\"PropertyValueSpecification\",\"valueRequired\":true,\"valueName\":\"search_term_string\"}}],\"inLanguage\":\"de\"},{\"@type\":\"Organization\",\"@id\":\"https:\\\/\\\/jwservice.nl\\\/de\\\/#organization\",\"name\":\"J &amp; W Service B.V.\",\"url\":\"https:\\\/\\\/jwservice.nl\\\/de\\\/\",\"logo\":{\"@type\":\"ImageObject\",\"inLanguage\":\"de\",\"@id\":\"https:\\\/\\\/jwservice.nl\\\/de\\\/#\\\/schema\\\/logo\\\/image\\\/\",\"url\":\"https:\\\/\\\/jwservice.nl\\\/wp-content\\\/uploads\\\/2022\\\/04\\\/jwservice.png\",\"contentUrl\":\"https:\\\/\\\/jwservice.nl\\\/wp-content\\\/uploads\\\/2022\\\/04\\\/jwservice.png\",\"width\":415,\"height\":81,\"caption\":\"J &amp; W Service B.V.\"},\"image\":{\"@id\":\"https:\\\/\\\/jwservice.nl\\\/de\\\/#\\\/schema\\\/logo\\\/image\\\/\"},\"sameAs\":[\"https:\\\/\\\/www.facebook.com\\\/jwserviceborculo\\\/\",\"https:\\\/\\\/nl.linkedin.com\\\/in\\\/r-wittebroek-0a147871\"]}]}<\/script>\n<!-- \/ Yoast SEO plugin. -->","yoast_head_json":{"title":"Der J&W-Service steht f\u00fcr Sie bereit! - J &amp; W Service B.V.","description":"J&W Service entwickelt, entwirft und implementiert Anlagen und Techniken f\u00fcr die fleischverarbeitende Industrie.","robots":{"index":"index","follow":"follow","max-snippet":"max-snippet:-1","max-image-preview":"max-image-preview:large","max-video-preview":"max-video-preview:-1"},"canonical":"https:\/\/jwservice.nl\/de\/","og_locale":"de_DE","og_type":"article","og_title":"Der J&W-Service steht f\u00fcr Sie bereit! - J &amp; W Service B.V.","og_description":"J&W Service entwickelt, entwirft und implementiert Anlagen und Techniken f\u00fcr die fleischverarbeitende Industrie.","og_url":"https:\/\/jwservice.nl\/de\/","og_site_name":"J &amp; W Service B.V.","article_publisher":"https:\/\/www.facebook.com\/jwserviceborculo\/","article_modified_time":"2022-05-02T08:20:55+00:00","og_image":[{"url":"https:\/\/jwservice.nl\/wp-content\/uploads\/2022\/04\/jw-service-ribben.webp","type":"","width":"","height":""}],"twitter_card":"summary_large_image","twitter_misc":{"Gesch\u00e4tzte Lesezeit":"2\u00a0Minuten"},"schema":{"@context":"https:\/\/schema.org","@graph":[{"@type":"WebPage","@id":"https:\/\/jwservice.nl\/de\/","url":"https:\/\/jwservice.nl\/de\/","name":"Der J&W-Service steht f\u00fcr Sie bereit! - J &amp; W Service B.V.","isPartOf":{"@id":"https:\/\/jwservice.nl\/de\/#website"},"primaryImageOfPage":{"@id":"https:\/\/jwservice.nl\/de\/#primaryimage"},"image":{"@id":"https:\/\/jwservice.nl\/de\/#primaryimage"},"thumbnailUrl":"https:\/\/jwservice.nl\/wp-content\/uploads\/2022\/04\/jw-service-ribben.webp","datePublished":"2022-04-29T09:58:34+00:00","dateModified":"2022-05-02T08:20:55+00:00","description":"J&W Service entwickelt, entwirft und implementiert Anlagen und Techniken f\u00fcr die fleischverarbeitende Industrie.","inLanguage":"de","potentialAction":[{"@type":"ReadAction","target":["https:\/\/jwservice.nl\/de\/"]}]},{"@type":"ImageObject","inLanguage":"de","@id":"https:\/\/jwservice.nl\/de\/#primaryimage","url":"https:\/\/jwservice.nl\/wp-content\/uploads\/2022\/04\/jw-service-ribben.webp","contentUrl":"https:\/\/jwservice.nl\/wp-content\/uploads\/2022\/04\/jw-service-ribben.webp"},{"@type":"WebSite","@id":"https:\/\/jwservice.nl\/de\/#website","url":"https:\/\/jwservice.nl\/de\/","name":"J &amp; W Service B.V.","description":"Installaties voor de vleesverwerkende industrie","publisher":{"@id":"https:\/\/jwservice.nl\/de\/#organization"},"potentialAction":[{"@type":"SearchAction","target":{"@type":"EntryPoint","urlTemplate":"https:\/\/jwservice.nl\/de\/?s={search_term_string}"},"query-input":{"@type":"PropertyValueSpecification","valueRequired":true,"valueName":"search_term_string"}}],"inLanguage":"de"},{"@type":"Organization","@id":"https:\/\/jwservice.nl\/de\/#organization","name":"J &amp; W Service B.V.","url":"https:\/\/jwservice.nl\/de\/","logo":{"@type":"ImageObject","inLanguage":"de","@id":"https:\/\/jwservice.nl\/de\/#\/schema\/logo\/image\/","url":"https:\/\/jwservice.nl\/wp-content\/uploads\/2022\/04\/jwservice.png","contentUrl":"https:\/\/jwservice.nl\/wp-content\/uploads\/2022\/04\/jwservice.png","width":415,"height":81,"caption":"J &amp; W Service B.V."},"image":{"@id":"https:\/\/jwservice.nl\/de\/#\/schema\/logo\/image\/"},"sameAs":["https:\/\/www.facebook.com\/jwserviceborculo\/","https:\/\/nl.linkedin.com\/in\/r-wittebroek-0a147871"]}]}},"_links":{"self":[{"href":"https:\/\/jwservice.nl\/de\/wp-json\/wp\/v2\/pages\/307","targetHints":{"allow":["GET"]}}],"collection":[{"href":"https:\/\/jwservice.nl\/de\/wp-json\/wp\/v2\/pages"}],"about":[{"href":"https:\/\/jwservice.nl\/de\/wp-json\/wp\/v2\/types\/page"}],"author":[{"embeddable":true,"href":"https:\/\/jwservice.nl\/de\/wp-json\/wp\/v2\/users\/1"}],"replies":[{"embeddable":true,"href":"https:\/\/jwservice.nl\/de\/wp-json\/wp\/v2\/comments?post=307"}],"version-history":[{"count":5,"href":"https:\/\/jwservice.nl\/de\/wp-json\/wp\/v2\/pages\/307\/revisions"}],"predecessor-version":[{"id":340,"href":"https:\/\/jwservice.nl\/de\/wp-json\/wp\/v2\/pages\/307\/revisions\/340"}],"wp:attachment":[{"href":"https:\/\/jwservice.nl\/de\/wp-json\/wp\/v2\/media?parent=307"}],"curies":[{"name":"wp","href":"https:\/\/api.w.org\/{rel}","templated":true}]}}